{"id":1001,"date":"2019-05-14T08:56:47","date_gmt":"2019-05-14T06:56:47","guid":{"rendered":"https:\/\/culturalcdm.eu\/transparencia\/"},"modified":"2025-11-17T10:11:18","modified_gmt":"2025-11-17T09:11:18","slug":"transparencia","status":"publish","type":"page","link":"https:\/\/culturalcdm.eu\/ca\/la-fundacio\/transparencia\/","title":{"rendered":"Transpar\u00e8ncia"},"content":{"rendered":"\n<div class=\"wp-block-columns is-layout-flex wp-container-core-columns-is-layout-9d6595d7 wp-block-columns-is-layout-flex\">\n<div class=\"wp-block-column is-layout-flow wp-block-column-is-layout-flow\">\n<h2 class=\"wp-block-heading\"><strong>FCCdM<\/strong><\/h2>\n\n\n\n<ul class=\"wp-block-list\">\n<li><a href=\"https:\/\/culturalcdm.eu\/wp-content\/uploads\/2023\/10\/Estatuts_CdM_v4.pdf\">Estatuts<\/a><\/li>\n\n\n\n<li><a href=\"https:\/\/culturalcdm.eu\/la-fundacion\/convenios-de-colaboracion\/\">Convenis de Col\u00b7laboraci\u00f3<\/a><\/li>\n\n\n\n<li><a href=\"https:\/\/culturalcdm.eu\/2022\/03\/23\/informes-de-actividades-anuales\/\">Informes de activitats anuals<\/a><\/li>\n\n\n\n<li><a href=\"https:\/\/culturalcdm.eu\/wp-content\/uploads\/2023\/10\/residc3a8ncia-smr.pdf\">Resid\u00e8ncia en el Monestir Sant Miquel dels Reis<\/a><\/li>\n<\/ul>\n<\/div>\n\n\n\n<div class=\"wp-block-column is-layout-flow wp-block-column-is-layout-flow\">\n<h2 class=\"wp-block-heading\"><strong>Ajudes d&#8217;organismes p\u00fablics<\/strong><\/h2>\n\n\n\n<details class=\"wp-block-details is-layout-flow wp-block-details-is-layout-flow\"><summary>Turisme Comunitat Valenciana <\/summary>\n<p><br\/>En virtut de resoluci\u00f3 d&#8217;11 de juliol de 2023 del president de<a href=\"https:\/\/www.turisme.gva.es\/opencms\/opencms\/turisme\/es\/index.jsp\" rel=\"nofollow noopener\" target=\"_blank\"> Turisme Comunitat Valenciana<\/a>, la FCCdM ha estat adjudicat\u00e0ria d&#8217;una subvenci\u00f3 directa per import d<strong>e <\/strong>70.000\u20ac amb destinaci\u00f3 a l&#8217;activaci\u00f3 i foment del producte tur\u00edstic cultural a trav\u00e9s d&#8217;accions de la m\u00fasica durant 2023.<br\/>&#8211; <a href=\"https:\/\/www.turisme.gva.es\/turisme\/es\/files\/pdf\/Codigo_Etico_Turismo_Valenciano.pdf\" rel=\"nofollow noopener\" target=\"_blank\">Codi \u00c8tic del Turisme Valenci\u00e0<\/a>.<br\/><br\/><\/p>\n<\/details>\n\n\n\n<details class=\"wp-block-details is-layout-flow wp-block-details-is-layout-flow\"><summary>Programa ECOVUL<\/summary>\n<p><br\/>La Fundaci\u00f3 Cultural CdM ha rebut del programa ECOVUL les seg\u00fcents ajudes:<br\/><br\/>Any 2021: 23.940,00\u20ac<\/p>\n<\/details>\n\n\n\n<details class=\"wp-block-details is-layout-flow wp-block-details-is-layout-flow\"><summary>Foment d&#8217;Activitats Musicals<\/summary>\n<p class=\"has-text-align-left\"><br\/>La Fundaci\u00f3 Cultural CdM ha rebut del IVC les seg\u00fcents ajudes per al Foment d&#8217;Activitats Musicals:<br\/><br\/>Any 2022: 19.425 \u20ac<br\/>Any 2023: 19.686,92 \u20ac<br\/>Any 2024: 61.768,36 \u20ac<br\/>Any 2025: 36.294,00 \u20ac<\/p>\n\n\n\n<div style=\"height:100px\" aria-hidden=\"true\" class=\"wp-block-spacer\"><\/div>\n<\/details>\n<\/div>\n<\/div>\n\n<p><\/p>\n","protected":false},"excerpt":{"rendered":"<p>FCCdM Ajudes d&#8217;organismes p\u00fablics<\/p>\n","protected":false},"author":1,"featured_media":0,"parent":1033,"menu_order":14,"comment_status":"open","ping_status":"closed","template":"","meta":{"_kad_post_transparent":"","_kad_post_title":"","_kad_post_layout":"","_kad_post_sidebar_id":"","_kad_post_content_style":"","_kad_post_vertical_padding":"","_kad_post_feature":"","_kad_post_feature_position":"","_kad_post_header":false,"_kad_post_footer":false,"_kad_post_classname":"","footnotes":""},"class_list":["post-1001","page","type-page","status-publish","hentry"],"_links":{"self":[{"href":"https:\/\/culturalcdm.eu\/ca\/wp-json\/wp\/v2\/pages\/1001","targetHints":{"allow":["GET"]}}],"collection":[{"href":"https:\/\/culturalcdm.eu\/ca\/wp-json\/wp\/v2\/pages"}],"about":[{"href":"https:\/\/culturalcdm.eu\/ca\/wp-json\/wp\/v2\/types\/page"}],"author":[{"embeddable":true,"href":"https:\/\/culturalcdm.eu\/ca\/wp-json\/wp\/v2\/users\/1"}],"replies":[{"embeddable":true,"href":"https:\/\/culturalcdm.eu\/ca\/wp-json\/wp\/v2\/comments?post=1001"}],"version-history":[{"count":5,"href":"https:\/\/culturalcdm.eu\/ca\/wp-json\/wp\/v2\/pages\/1001\/revisions"}],"predecessor-version":[{"id":3592,"href":"https:\/\/culturalcdm.eu\/ca\/wp-json\/wp\/v2\/pages\/1001\/revisions\/3592"}],"up":[{"embeddable":true,"href":"https:\/\/culturalcdm.eu\/ca\/wp-json\/wp\/v2\/pages\/1033"}],"wp:attachment":[{"href":"https:\/\/culturalcdm.eu\/ca\/wp-json\/wp\/v2\/media?parent=1001"}],"curies":[{"name":"wp","href":"https:\/\/api.w.org\/{rel}","templated":true}]}}