{"id":1008,"date":"2022-12-26T09:31:32","date_gmt":"2022-12-26T08:31:32","guid":{"rendered":"https:\/\/culturalcdm.eu\/patronat-i-consells\/"},"modified":"2024-07-15T09:57:46","modified_gmt":"2024-07-15T07:57:46","slug":"patronat-i-consells","status":"publish","type":"page","link":"https:\/\/culturalcdm.eu\/ca\/la-fundacio\/patronat-i-consells\/","title":{"rendered":"Patronat i Consells"},"content":{"rendered":"<figure class=\"wp-block-post-featured-image\"><img loading=\"lazy\" decoding=\"async\" width=\"1200\" height=\"675\" src=\"https:\/\/culturalcdm.eu\/wp-content\/uploads\/2023\/11\/patronato-consejos-fundacion.jpg\" class=\"attachment-post-thumbnail size-post-thumbnail wp-post-image\" alt=\"\" style=\"object-fit:cover;\" srcset=\"https:\/\/culturalcdm.eu\/wp-content\/uploads\/2023\/11\/patronato-consejos-fundacion.jpg 1200w, https:\/\/culturalcdm.eu\/wp-content\/uploads\/2023\/11\/patronato-consejos-fundacion-300x169.jpg 300w, https:\/\/culturalcdm.eu\/wp-content\/uploads\/2023\/11\/patronato-consejos-fundacion-1024x576.jpg 1024w, https:\/\/culturalcdm.eu\/wp-content\/uploads\/2023\/11\/patronato-consejos-fundacion-768x432.jpg 768w\" sizes=\"auto, (max-width: 1200px) 100vw, 1200px\" title=\"\"><\/figure>\n<div class=\"wp-block-columns is-layout-flex wp-container-core-columns-is-layout-9d6595d7 wp-block-columns-is-layout-flex\">\n<div class=\"wp-block-column is-layout-flow wp-block-column-is-layout-flow\">\n<h1 class=\"wp-block-heading has-text-align-center\">PATRONAT<\/h1>\n\n\n\n<h4 class=\"wp-block-heading has-text-align-center\" style=\"font-style:normal;font-weight:400\">President<br\/><strong>Carles Magraner<\/strong><\/h4>\n\n\n\n<p><\/p>\n\n\n\n<h4 class=\"wp-block-heading has-text-align-center\" style=\"font-style:normal;font-weight:400\">Vicepresident<br\/><strong>Francisco Jos\u00e9 Magraner<\/strong><\/h4>\n\n\n\n<p><\/p>\n\n\n\n<h4 class=\"wp-block-heading has-text-align-center\" style=\"font-style:normal;font-weight:400\">Vocals<br\/><strong>Ximo Corts<br\/>Antonio Enrique Magraner Duart<br\/>Mariano Moret<br\/>Francisco de Paula Pons<br\/>Mar\u00eda Teresa Estreder Mart\u00ednez<\/strong><br\/> <\/h4>\n\n\n\n<p><\/p>\n\n\n\n<h2 class=\"wp-block-heading has-text-align-center\">CONSELL EXECUTIU<\/h2>\n\n\n\n<h4 class=\"wp-block-heading has-text-align-center\" style=\"font-style:normal;font-weight:400\">Director gerent<br\/><strong>Kiko Silla<\/strong><\/h4>\n\n\n\n<h4 class=\"wp-block-heading has-text-align-center\" style=\"font-style:normal;font-weight:400\">Secretari de la Fundaci\u00f3<br\/><strong>Ximo Corts<\/strong><\/h4>\n\n\n\n<p><\/p>\n\n\n\n<h2 class=\"wp-block-heading has-text-align-center\">CONSELL ASSESSOR<\/h2>\n\n\n\n<h3 class=\"wp-block-heading has-text-align-center\">COMIT\u00c9 HONOR\u00cdFIC<\/h3>\n\n\n\n<p><\/p>\n\n\n\n<h3 class=\"wp-block-heading has-text-align-center\">Rafael Alemany<\/h3>\n\n\n\n<p class=\"has-text-align-center\"><em>Catedr\u00e0tic de Literatura Medieval<br\/>de la Universitat d&#8217;Alacant<\/em><\/p>\n\n\n\n<h3 class=\"wp-block-heading has-text-align-center\">Antoni Furi\u00f3<\/h3>\n\n\n\n<p class=\"has-text-align-center\"><em>Catedr\u00e0tic d&#8217;Hist\u00f2ria Medieval<br\/>de la Universitat de Val\u00e8ncia<\/em><\/p>\n\n\n\n<h3 class=\"wp-block-heading has-text-align-center\">Francisco Gimeno<\/h3>\n\n\n\n<p class=\"has-text-align-center\"><em>Catedr\u00e0tic de Ci\u00e8ncies <\/em><br\/><em>i T\u00e8cniques Historiogr\u00e0fiques <\/em><br\/><em>(Paleografia i Diplom\u00e0tica)<br\/>de la Universitat de Val\u00e8ncia<\/em><\/p>\n\n\n\n<h3 class=\"wp-block-heading has-text-align-center\">Mari Carmen G\u00f3mez Muntan\u00e9<\/h3>\n\n\n\n<p class=\"has-text-align-center\"><em>Catedr\u00e0tica de Musicologia de la<br\/>Universitat Aut\u00f2noma de Barcelona<\/em><\/p>\n\n\n\n<h3 class=\"wp-block-heading has-text-align-center\">Josep Francesc Massip<\/h3>\n\n\n\n<p class=\"has-text-align-center\"><em>Catedr\u00e0tic d&#8217;Hist\u00f2ria del Teatre<br\/>Medieval de la Universitat Rovira i Virgili<\/em><\/p>\n\n\n\n<h3 class=\"wp-block-heading has-text-align-center\">Eduard Mira<\/h3>\n\n\n\n<p class=\"has-text-align-center\"><em>Profesor a la Universitat d&#8217;Alacant, <br\/>les Universitats de Cambridge i de Londres <\/em><br\/><em>i en el Col\u00b7legi d&#8217;Europa de Bruges. <br\/> Ha dirigit els Instituts<br\/>Cervantes de N\u00e0pols i de Brussel\u00b7les.<br\/>Ha estat membre del Col\u00b7legi<br\/>d&#8217;Experts en Patrimoni Cultural<br\/>del Consell d&#8217;Europa<\/em><\/p>\n\n\n\n<h3 class=\"wp-block-heading has-text-align-center\">\u00c1lvaro Zald\u00edvar<\/h3>\n\n\n\n<p class=\"has-text-align-center\"><em>Catedr\u00e0tic numerari d&#8217;Est\u00e8tica<br\/>i Hist\u00f2ria de la M\u00fasica al<br\/>Conservatori Superior de Murcia.<br\/>Director del Departament de<br\/>Musicologia i Investigaci\u00f3<br\/>Art\u00edstica<\/em><\/p>\n<\/div>\n\n\n\n<div class=\"wp-block-column is-layout-flow wp-block-column-is-layout-flow\">\n<h2 class=\"wp-block-heading has-text-align-center\"><strong><em>COMIT\u00c8 CONSULTIU, CIENT\u00cdFIC I ACAD\u00c8MIC<\/em><\/strong><\/h2>\n\n\n\n<h3 class=\"wp-block-heading has-text-align-center\">David Antich<\/h3>\n\n\n\n<p class=\"has-text-align-center\"><em>M\u00fasic. Profesor del Conservatorio de Torrent<\/em><\/p>\n\n\n\n<h3 class=\"wp-block-heading has-text-align-center\">Frederic Aparisi<\/h3>\n\n\n\n<p class=\"has-text-align-center\"><em>Grupo Harca<br\/>Universitat Cardenal Herrera<\/em><\/p>\n\n\n\n<h3 class=\"wp-block-heading has-text-align-center\">Antonio Ari\u00f1o<\/h3>\n\n\n\n<p class=\"has-text-align-center\"><em>Catedr\u00e0tic de Sociologia<br\/>de la Facultat de Ci\u00e8ncies Socials<br\/>de la Universitat de Val\u00e8ncia<\/em><\/p>\n\n\n\n<h3 class=\"wp-block-heading has-text-align-center\">Eduardo Carrero<\/h3>\n\n\n\n<p class=\"has-text-align-center\"><em>Professor Titular d&#8217;Hist\u00f2ria del<br\/>Art Medieval a la Universitat<br\/>Aut\u00f2noma de Barcelona<\/em><\/p>\n\n\n\n<h3 class=\"wp-block-heading has-text-align-center\">Evarist Caselles<\/h3>\n\n\n\n<p class=\"has-text-align-center\"><em>Llicenciat en Hist\u00f2ria<\/em><\/p>\n\n\n\n<h3 class=\"wp-block-heading has-text-align-center\"> Pau Ballester<\/h3>\n\n\n\n<p class=\"has-text-align-center\"><em>M\u00fasic. Catedr\u00e0tic de Percussi\u00f3<br\/>del Conservatori Superior de Val\u00e8ncia<\/em><\/p>\n\n\n\n<h3 class=\"wp-block-heading has-text-align-center\">Rafael Beltran<\/h3>\n\n\n\n<p class=\"has-text-align-center\"><em>Catedr\u00e0tic de Lliteratura Espanyola<br\/>de la Universitat de Val\u00e8ncia<\/em><br\/><\/p>\n\n\n\n<h3 class=\"wp-block-heading has-text-align-center\">Robert Cases<\/h3>\n\n\n\n<p class=\"has-text-align-center\"><em>M\u00fasic. Coordinador del projecte M\u00fasics per la Salut<\/em><\/p>\n\n\n\n<h3 class=\"wp-block-heading has-text-align-center\">Manuela Cort\u00e9s<\/h3>\n\n\n\n<p class=\"has-text-align-center\"><em>Professora Titular de la Universitat de Granada,<br\/>Facultat de Filosofia i Lletres<br\/>Membre de l&#8217;Acad\u00e8mia de la Hist\u00f2ria Andalusa<br\/>i la Xarxa d&#8217;investigadors i experts en patrimoni<\/em><\/p>\n\n\n\n<h3 class=\"wp-block-heading has-text-align-center\">Vicent Josep Escart\u00ed<\/h3>\n\n\n\n<p class=\"has-text-align-center\"><em>Professor del departament<br\/>de Filologia Catalana a la Universitat de Val\u00e8ncia<\/em><\/p>\n\n\n\n<h3 class=\"wp-block-heading has-text-align-center\">Antonio Ezquerro<\/h3>\n\n\n\n<p class=\"has-text-align-center\"><em>Investigador Cient\u00edfic del CSIC<br\/>President de RISM-Espa\u00f1a (R\u00e9pertoire<br\/>International des Sources Musicales).<br\/>Director de l&#8217;Anuari Musical<br\/>(Revista de Musicologia del CSIC)<br\/>Grup de Recerca Consolidat &#8211;<br\/>M\u00fasica i Patrimoni en la Corona d&#8217;Arag\u00f3<br\/>(segles XVI-XIX)<\/em><\/p>\n\n\n\n<h3 class=\"wp-block-heading has-text-align-center\">Antonio Andr\u00e9s Ferrandis<\/h3>\n\n\n\n<p class=\"has-text-align-center\"><em>Organista i Delegat de<br\/>Serveis Pastorals de la Catedral de Val\u00e8ncia<\/em><\/p>\n\n\n\n<h3 class=\"wp-block-heading has-text-align-center\">Mar\u00eda Teresa Ferrer<\/h3>\n\n\n\n<p class=\"has-text-align-center\"><em>Codirectora i coordinadora del M\u00e0ster<br\/>Universitari en Interpretaci\u00f3 i<br\/>Investigaci\u00f3 Musical de la VIU<\/em><\/p>\n\n\n\n<h3 class=\"wp-block-heading has-text-align-center\">Domingo Garc\u00eda Ca\u00f1edo<\/h3>\n\n\n\n<p class=\"has-text-align-center\"><em>Director del Institut Cervantes de Lyon<\/em><\/p>\n\n\n\n<h3 class=\"wp-block-heading has-text-align-center\">Juan Vicente Garc\u00eda-Marsilla<\/h3>\n\n\n\n<p class=\"has-text-align-center\"><em>Professor titular d&#8217;Hist\u00f2ria de l&#8217;Art<br\/>Medieval en la Universitat de Val\u00e8ncia<\/em><\/p>\n\n\n\n<h3 class=\"wp-block-heading has-text-align-center\">Rosa Isusi<\/h3>\n\n\n\n<p class=\"has-text-align-center\"><em>Professora de Did\u00e0ctica de la<br\/>Expressi\u00f3 Musical, Pl\u00e0stica i Corporal<br\/>de la Universitat de Val\u00e8ncia<\/em><\/p>\n\n\n\n<h3 class=\"wp-block-heading has-text-align-center\">Ignasi Jord\u00e0<\/h3>\n\n\n\n<p class=\"has-text-align-center\"><em>M\u00fasic. Professor del Conservatori<br\/>Superior de Castell\u00f3<\/em><\/p>\n\n\n\n<h3 class=\"wp-block-heading has-text-align-center\">Emilio Mencheta<\/h3>\n\n\n\n<p class=\"has-text-align-center\"><em>Actor. Cap de produccions The Playroom<\/em><\/p>\n\n\n\n<h3 class=\"wp-block-heading has-text-align-center\">V\u00edctor Manuel M\u00ednguez Cornelles<\/h3>\n\n\n\n<p class=\"has-text-align-center\"><em>Catedr\u00e0tic d&#8217;Hist\u00f2ria de l&#8217;Art del Departament d&#8217; <\/em><br\/><em>Hist\u00f2ria, Geografia i Art de la Universitat Jaume I.<br\/>Investigador principal del grup Iconografia<br\/>i Hist\u00f2ria de l&#8217;Art (IHA)<\/em><\/p>\n\n\n\n<h3 class=\"wp-block-heading has-text-align-center\">Germ\u00e1n Navarro Espinach<\/h3>\n\n\n\n<p class=\"has-text-align-center\"><em>Catedr\u00e1tico de Historia Medieval en la<br\/>Universidad de Zaragoza.\u00a0<\/em><br\/><em>Director de la revista Arag\u00f3n en la Edad Media<\/em><br\/><em>Grupo de Investigaci\u00f3n Consolidado\u00a0CEMA<\/em><\/p>\n\n\n\n<h3 class=\"wp-block-heading has-text-align-center\">Antoni Piz\u00e0<\/h3>\n\n\n\n<p class=\"has-text-align-center\"><em>Director de la Fundaci\u00f3 per la M\u00fasica Ib\u00e8rica<br\/>Membre de la Facultat de Doctorat<br\/>en M\u00fasica a la Universitat<br\/>de la Ciutat de Nova York (CUNY)<\/em><\/p>\n\n\n\n<h3 class=\"wp-block-heading has-text-align-center\">Paco Taberner Pastor<\/h3>\n\n\n\n<p class=\"has-text-align-center\"><em>Profesor del Departamento<br\/>de Urbanismo\u00a0de la Universidad<br\/>Polit\u00e9cnica de Val\u00e8ncia.<\/em><br\/>\u00a0Miembro numerario de la Secci\u00f3n de Arquitectura <br\/>de la Real Academia de Bellas Artes <br\/>de San Carlos de Valencia.<\/p>\n\n\n\n<h3 class=\"wp-block-heading has-text-align-center\">Abel Puig<\/h3>\n\n\n\n<p class=\"has-text-align-center\"><em>President de l&#8217;Associaci\u00f3 Valenciana<br\/>de Musicologia (AVAMUS)<\/em><\/p>\n\n\n\n<h3 class=\"wp-block-heading has-text-align-center\">Jordi Reig<\/h3>\n\n\n\n<p class=\"has-text-align-center\">Professor del Conservatori Superior de Val\u00e8ncia.<br\/>Coordinador del Arxiu Sonoro de la m\u00fasica<br\/>tradicional valenciana, Fonoteca de Materials<\/p>\n\n\n\n<h3 class=\"wp-block-heading has-text-align-center\">Luisa Tolosa<\/h3>\n\n\n\n<p class=\"has-text-align-center\"><em>Professora de Comunicaci\u00f3 Audiovisual,<br\/>Documentaci\u00f3 i Hist\u00f2ria de l&#8217;Art de la UPV<\/em><\/p>\n\n\n\n<h3 class=\"wp-block-heading has-text-align-center\">Manuel Tom\u00e1s<\/h3>\n\n\n\n<p class=\"has-text-align-center\"><em>M\u00fasic. Professor del Conservatori de Torrent<\/em><\/p>\n\n\n\n<h3 class=\"wp-block-heading has-text-align-center\">Francesc Villanueva<\/h3>\n\n\n\n<p class=\"has-text-align-center\"><em>Investigador. Universitat de Val\u00e8ncia<\/em><\/p>\n<\/div>\n<\/div>\n","protected":false},"excerpt":{"rendered":"<p>PATRONAT PresidentCarles Magraner VicepresidentFrancisco Jos\u00e9 Magraner VocalsXimo CortsAntonio Enrique Magraner DuartMariano MoretFrancisco de Paula PonsMar\u00eda Teresa Estreder Mart\u00ednez CONSELL EXECUTIU Director gerentKiko Silla Secretari de la Fundaci\u00f3Ximo Corts CONSELL ASSESSOR COMIT\u00c9 HONOR\u00cdFIC Rafael Alemany Catedr\u00e0tic de Literatura Medievalde la Universitat d&#8217;Alacant Antoni Furi\u00f3 Catedr\u00e0tic d&#8217;Hist\u00f2ria Medievalde la Universitat de Val\u00e8ncia Francisco Gimeno Catedr\u00e0tic de Ci\u00e8ncies&#8230;<\/p>\n","protected":false},"author":2,"featured_media":880,"parent":1033,"menu_order":16,"comment_status":"closed","ping_status":"closed","template":"","meta":{"_kad_post_transparent":"","_kad_post_title":"","_kad_post_layout":"","_kad_post_sidebar_id":"","_kad_post_content_style":"","_kad_post_vertical_padding":"","_kad_post_feature":"","_kad_post_feature_position":"","_kad_post_header":false,"_kad_post_footer":false,"_kad_post_classname":"","footnotes":""},"class_list":["post-1008","page","type-page","status-publish","has-post-thumbnail","hentry"],"_links":{"self":[{"href":"https:\/\/culturalcdm.eu\/ca\/wp-json\/wp\/v2\/pages\/1008","targetHints":{"allow":["GET"]}}],"collection":[{"href":"https:\/\/culturalcdm.eu\/ca\/wp-json\/wp\/v2\/pages"}],"about":[{"href":"https:\/\/culturalcdm.eu\/ca\/wp-json\/wp\/v2\/types\/page"}],"author":[{"embeddable":true,"href":"https:\/\/culturalcdm.eu\/ca\/wp-json\/wp\/v2\/users\/2"}],"replies":[{"embeddable":true,"href":"https:\/\/culturalcdm.eu\/ca\/wp-json\/wp\/v2\/comments?post=1008"}],"version-history":[{"count":4,"href":"https:\/\/culturalcdm.eu\/ca\/wp-json\/wp\/v2\/pages\/1008\/revisions"}],"predecessor-version":[{"id":2256,"href":"https:\/\/culturalcdm.eu\/ca\/wp-json\/wp\/v2\/pages\/1008\/revisions\/2256"}],"up":[{"embeddable":true,"href":"https:\/\/culturalcdm.eu\/ca\/wp-json\/wp\/v2\/pages\/1033"}],"wp:featuredmedia":[{"embeddable":true,"href":"https:\/\/culturalcdm.eu\/ca\/wp-json\/wp\/v2\/media\/880"}],"wp:attachment":[{"href":"https:\/\/culturalcdm.eu\/ca\/wp-json\/wp\/v2\/media?parent=1008"}],"curies":[{"name":"wp","href":"https:\/\/api.w.org\/{rel}","templated":true}]}}