{"id":1014,"date":"2021-12-16T16:18:21","date_gmt":"2021-12-16T15:18:21","guid":{"rendered":"https:\/\/culturalcdm.eu\/recolzament\/"},"modified":"2024-11-26T13:15:27","modified_gmt":"2024-11-26T12:15:27","slug":"recolzament","status":"publish","type":"page","link":"https:\/\/culturalcdm.eu\/ca\/la-fundacio\/recolzament\/","title":{"rendered":"Recolzament"},"content":{"rendered":"\n<h2 class=\"wp-block-heading\"><strong>Informes CVC<\/strong><\/h2>\n\n<div class=\"wp-block-columns is-layout-flex wp-container-core-columns-is-layout-9d6595d7 wp-block-columns-is-layout-flex\">\n<div class=\"wp-block-column is-layout-flow wp-block-column-is-layout-flow\">\n<ul class=\"wp-block-list\">\n<li><a href=\"https:\/\/culturalcdm.eu\/wp-content\/uploads\/2019\/05\/cvc2013-documentaciocc81-mucc81sica-antiga-coroan-aragocc81.pdf\">Documentaci\u00f3 M\u00fasica Antiga Corona d&#8217;Arag\u00f3<\/a><\/li>\n\n\n\n<li><a href=\"https:\/\/cvc.gva.es\/wp-content\/uploads\/553.pdf\" rel=\"nofollow noopener\" target=\"_blank\">El Cant de la Sibil\u00b7la<\/a><\/li>\n<\/ul>\n<\/div>\n\n\n\n<div class=\"wp-block-column is-layout-flow wp-block-column-is-layout-flow\">\n<ul class=\"wp-block-list\">\n<li><a href=\"https:\/\/culturalcdm.eu\/wp-content\/uploads\/2019\/05\/eduard-mira.pdf\">La Val\u00e8ncia Quatrecentista: Un viatge a la mem\u00f2ria. <strong>Eduard Mira.<\/strong><\/a><\/li>\n\n\n\n<li><a href=\"https:\/\/culturalcdm.eu\/wp-content\/uploads\/2019\/05\/maricarmen-gocc81mez.pdf\">La Cort del Duc de Cal\u00e0bria. <strong>Maricarmen G\u00f3mez<\/strong><\/a><\/li>\n<\/ul>\n<\/div>\n<\/div>\n\n<div style=\"height:79px\" aria-hidden=\"true\" class=\"wp-block-spacer\"><\/div>\n\n<div class=\"wp-block-columns is-layout-flex wp-container-core-columns-is-layout-9d6595d7 wp-block-columns-is-layout-flex\">\n<div class=\"wp-block-column is-layout-flow wp-block-column-is-layout-flow\"><\/div>\n<\/div>\n\n<p class=\"has-text-align-left\">La Fundaci\u00f3 Cultural CdM compta amb el recolzament de:<\/p>\n\n<div class=\"wp-block-group is-horizontal is-content-justification-center is-nowrap is-layout-flex wp-container-core-group-is-layout-c1dfda1e wp-block-group-is-layout-flex\">\n<figure class=\"wp-block-image size-large is-resized\"><a href=\"https:\/\/ceice.gva.es\/es\/inicio\" rel=\"nofollow noopener\" target=\"_blank\"><img decoding=\"async\" src=\"https:\/\/ivc.gva.es\/admin\/assets\/docs\/g\/e\/generalitat-conselleria-ivc-negre.png\" alt=\"\" style=\"width:520px;height:auto\" title=\"\"><\/a><\/figure>\n\n\n\n<figure class=\"wp-block-image size-large is-resized wp-duotone-dark-grayscale\"><a href=\"https:\/\/bv.gva.es\/va\/\" rel=\"nofollow noopener\" target=\"_blank\"><img decoding=\"async\" src=\"https:\/\/upload.wikimedia.org\/wikipedia\/commons\/thumb\/b\/bc\/Biblioteca_Valenciana.svg\/2560px-Biblioteca_Valenciana.svg.png\" alt=\"\" style=\"width:80px\" title=\"\"><\/a><\/figure>\n\n\n\n<p>            <\/p>\n\n\n\n<figure class=\"wp-block-image size-large is-resized\"><a href=\"https:\/\/www.dival.es\/es\/areadecultura\/content\/area-de-cultura\" rel=\"nofollow noopener\" target=\"_blank\"><img decoding=\"async\" src=\"https:\/\/teatreravalgandia.org\/wp-content\/uploads\/2024\/04\/Diputacio-Valencia-Cultura-scaled-e1712824829618.jpeg\" alt=\"\" style=\"width:150px\" title=\"\"><\/a><\/figure>\n\n\n\n<p>            <\/p>\n\n\n\n<figure class=\"wp-block-image size-large is-resized\"><img decoding=\"async\" src=\"https:\/\/www.orfeouniversitaridevalencia.es\/wp-content\/uploads\/2021\/10\/valenciaesmusica.png\" alt=\"\" style=\"width:160px\" title=\"\"><\/figure>\n\n\n\n<p> <\/p>\n<\/div>\n\n<p><\/p>\n\n<p class=\"has-text-align-left\">La Fundaci\u00f3 Cultural CdM \u00e9s membre de:<\/p>\n\n<figure class=\"wp-block-image aligncenter size-large is-resized\"><a href=\"https:\/\/www.rema-eemn.net\" rel=\"nofollow noopener\" target=\"_blank\"><img decoding=\"async\" src=\"https:\/\/www.rema-eemn.net\/rails\/active_storage\/blobs\/redirect\/eyJfcmFpbHMiOnsibWVzc2FnZSI6IkJBaHBBb2tJIiwiZXhwIjpudWxsLCJwdXIiOiJibG9iX2lkIn19--1b93fba261d7f1169c6d58f9d976d7c9dc900d01\/logo_sans_fond.png\" alt=\"\" style=\"width:276px;height:auto\" title=\"\"><\/a><\/figure>\n\n<p class=\"has-text-align-center\">I col\u00b7labora amb:<\/p>\n\n<figure class=\"wp-block-image aligncenter size-full is-resized\"><img loading=\"lazy\" decoding=\"async\" width=\"350\" height=\"130\" src=\"https:\/\/culturalcdm.eu\/wp-content\/uploads\/2019\/05\/6194d98295579-1.png\" alt=\"\" class=\"wp-image-35\" style=\"aspect-ratio:2.6923076923076925;width:508px;height:auto\" title=\"\" srcset=\"https:\/\/culturalcdm.eu\/wp-content\/uploads\/2019\/05\/6194d98295579-1.png 350w, https:\/\/culturalcdm.eu\/wp-content\/uploads\/2019\/05\/6194d98295579-1-300x111.png 300w\" sizes=\"auto, (max-width: 350px) 100vw, 350px\" \/><\/figure>\n\n<figure class=\"wp-block-image aligncenter size-full is-resized\"><img loading=\"lazy\" decoding=\"async\" width=\"699\" height=\"135\" src=\"https:\/\/culturalcdm.eu\/wp-content\/uploads\/2019\/05\/logos_2.png\" alt=\"\" class=\"wp-image-38\" style=\"width:561px;height:auto\" title=\"\" srcset=\"https:\/\/culturalcdm.eu\/wp-content\/uploads\/2019\/05\/logos_2.png 699w, https:\/\/culturalcdm.eu\/wp-content\/uploads\/2019\/05\/logos_2-300x58.png 300w\" sizes=\"auto, (max-width: 699px) 100vw, 699px\" \/><\/figure>\n","protected":false},"excerpt":{"rendered":"<p>Informes CVC La Fundaci\u00f3 Cultural CdM compta amb el recolzament de: La Fundaci\u00f3 Cultural CdM \u00e9s membre de: I col\u00b7labora amb:<\/p>\n","protected":false},"author":1,"featured_media":21,"parent":1033,"menu_order":15,"comment_status":"open","ping_status":"closed","template":"","meta":{"_kad_post_transparent":"","_kad_post_title":"","_kad_post_layout":"","_kad_post_sidebar_id":"","_kad_post_content_style":"","_kad_post_vertical_padding":"","_kad_post_feature":"","_kad_post_feature_position":"","_kad_post_header":false,"_kad_post_footer":false,"_kad_post_classname":"","footnotes":""},"class_list":["post-1014","page","type-page","status-publish","has-post-thumbnail","hentry"],"_links":{"self":[{"href":"https:\/\/culturalcdm.eu\/ca\/wp-json\/wp\/v2\/pages\/1014","targetHints":{"allow":["GET"]}}],"collection":[{"href":"https:\/\/culturalcdm.eu\/ca\/wp-json\/wp\/v2\/pages"}],"about":[{"href":"https:\/\/culturalcdm.eu\/ca\/wp-json\/wp\/v2\/types\/page"}],"author":[{"embeddable":true,"href":"https:\/\/culturalcdm.eu\/ca\/wp-json\/wp\/v2\/users\/1"}],"replies":[{"embeddable":true,"href":"https:\/\/culturalcdm.eu\/ca\/wp-json\/wp\/v2\/comments?post=1014"}],"version-history":[{"count":4,"href":"https:\/\/culturalcdm.eu\/ca\/wp-json\/wp\/v2\/pages\/1014\/revisions"}],"predecessor-version":[{"id":2957,"href":"https:\/\/culturalcdm.eu\/ca\/wp-json\/wp\/v2\/pages\/1014\/revisions\/2957"}],"up":[{"embeddable":true,"href":"https:\/\/culturalcdm.eu\/ca\/wp-json\/wp\/v2\/pages\/1033"}],"wp:featuredmedia":[{"embeddable":true,"href":"https:\/\/culturalcdm.eu\/ca\/wp-json\/wp\/v2\/media\/21"}],"wp:attachment":[{"href":"https:\/\/culturalcdm.eu\/ca\/wp-json\/wp\/v2\/media?parent=1014"}],"curies":[{"name":"wp","href":"https:\/\/api.w.org\/{rel}","templated":true}]}}