{"id":1025,"date":"2019-09-25T11:59:33","date_gmt":"2019-09-25T09:59:33","guid":{"rendered":"https:\/\/culturalcdm.eu\/la-seu\/"},"modified":"2023-12-21T12:52:45","modified_gmt":"2023-12-21T11:52:45","slug":"la-seu","status":"publish","type":"page","link":"https:\/\/culturalcdm.eu\/ca\/la-fundacio\/la-seu\/","title":{"rendered":"La Seu"},"content":{"rendered":"<style>.kb-row-layout-wrap.wp-block-kadence-rowlayout.kb-row-layout-id168_4d8b90-78{margin-bottom:var(--global-kb-spacing-md, 2rem);}.kb-row-layout-id168_4d8b90-78 > .kt-row-column-wrap{align-content:start;}:where(.kb-row-layout-id168_4d8b90-78 > .kt-row-column-wrap) > .wp-block-kadence-column{justify-content:start;}.kb-row-layout-id168_4d8b90-78 > .kt-row-column-wrap{column-gap:var(--global-kb-gap-md, 2rem);row-gap:var(--global-kb-gap-md, 2rem);padding-top:var(--global-kb-spacing-5xl, 10rem);padding-bottom:var(--global-kb-spacing-5xl, 10rem);grid-template-columns:minmax(0, calc(30% - ((var(--global-kb-gap-md, 2rem) * 2 )\/3)))minmax(0, calc(40% - ((var(--global-kb-gap-md, 2rem) * 2 )\/3)))minmax(0, calc(30% - ((var(--global-kb-gap-md, 2rem) * 2 )\/3)));}.kb-row-layout-id168_4d8b90-78{background-image:url('https:\/\/culturalcdm.eu\/wp-content\/uploads\/2023\/11\/San-Miguel-de-los-Reyes-claustro.jpg');background-size:cover;background-position:center center;background-attachment:scroll;background-repeat:no-repeat;}.kb-row-layout-id168_4d8b90-78 > .kt-row-layout-overlay{opacity:0.30;}@media all and (max-width: 1024px){.kb-row-layout-id168_4d8b90-78 > .kt-row-column-wrap > div:not(.added-for-specificity){grid-column:initial;}}@media all and (max-width: 1024px){.kb-row-layout-id168_4d8b90-78 > .kt-row-column-wrap{grid-template-columns:repeat(3, minmax(0, 1fr));}}@media all and (max-width: 767px){.kb-row-layout-id168_4d8b90-78 > .kt-row-column-wrap > div:not(.added-for-specificity){grid-column:initial;}.kb-row-layout-id168_4d8b90-78 > .kt-row-column-wrap{grid-template-columns:minmax(0, 1fr);}}<\/style><div class=\"kb-row-layout-wrap kb-row-layout-id168_4d8b90-78 alignnone kt-row-has-bg wp-block-kadence-rowlayout\"><div class=\"kt-row-column-wrap kt-has-3-columns kt-row-layout-equal kt-tab-layout-inherit kt-mobile-layout-row kt-row-valign-top\">\n<style>.kadence-column168_06c9ab-4e > .kt-inside-inner-col,.kadence-column168_06c9ab-4e > .kt-inside-inner-col:before{border-top-left-radius:0px;border-top-right-radius:0px;border-bottom-right-radius:0px;border-bottom-left-radius:0px;}.kadence-column168_06c9ab-4e > .kt-inside-inner-col{column-gap:var(--global-kb-gap-sm, 1rem);}.kadence-column168_06c9ab-4e > .kt-inside-inner-col{flex-direction:column;}.kadence-column168_06c9ab-4e > .kt-inside-inner-col > .aligncenter{width:100%;}.kadence-column168_06c9ab-4e > .kt-inside-inner-col:before{opacity:0.3;}.kadence-column168_06c9ab-4e{position:relative;}@media all and (max-width: 1024px){.kadence-column168_06c9ab-4e > .kt-inside-inner-col{flex-direction:column;justify-content:center;}}@media all and (max-width: 767px){.kadence-column168_06c9ab-4e > .kt-inside-inner-col{flex-direction:column;justify-content:center;}}<\/style>\n<div class=\"wp-block-kadence-column kadence-column168_06c9ab-4e\"><div class=\"kt-inside-inner-col\"><\/div><\/div>\n\n\n<style>.kadence-column168_437602-44 > .kt-inside-inner-col{display:flex;}.kadence-column168_437602-44 > .kt-inside-inner-col{padding-top:var(--global-kb-spacing-sm, 1.5rem);padding-right:var(--global-kb-spacing-sm, 1.5rem);padding-bottom:var(--global-kb-spacing-sm, 1.5rem);padding-left:var(--global-kb-spacing-sm, 1.5rem);}.kadence-column168_437602-44 > .kt-inside-inner-col,.kadence-column168_437602-44 > .kt-inside-inner-col:before{border-top-left-radius:0px;border-top-right-radius:0px;border-bottom-right-radius:0px;border-bottom-left-radius:0px;}.kadence-column168_437602-44 > .kt-inside-inner-col{column-gap:var(--global-kb-gap-sm, 1rem);}.kadence-column168_437602-44 > .kt-inside-inner-col{flex-direction:column;justify-content:center;}.kadence-column168_437602-44 > .kt-inside-inner-col > .aligncenter{width:100%;}.kt-row-column-wrap > .kadence-column168_437602-44{align-self:center;}.kt-inner-column-height-full:not(.kt-has-1-columns) > .wp-block-kadence-column.kadence-column168_437602-44{align-self:auto;}.kt-inner-column-height-full:not(.kt-has-1-columns) > .wp-block-kadence-column.kadence-column168_437602-44 > .kt-inside-inner-col{flex-direction:column;justify-content:center;}.kadence-column168_437602-44 > .kt-inside-inner-col{background-color:rgba(0, 0, 0, 0.39);}.kadence-column168_437602-44 > .kt-inside-inner-col:before{opacity:0.3;}.kadence-column168_437602-44{position:relative;}@media all and (max-width: 1024px){.kt-row-column-wrap > .kadence-column168_437602-44{align-self:center;}}@media all and (max-width: 1024px){.kt-inner-column-height-full:not(.kt-has-1-columns) > .wp-block-kadence-column.kadence-column168_437602-44{align-self:auto;}}@media all and (max-width: 1024px){.kt-inner-column-height-full:not(.kt-has-1-columns) > .wp-block-kadence-column.kadence-column168_437602-44 > .kt-inside-inner-col{flex-direction:column;justify-content:center;}}@media all and (max-width: 1024px){.kadence-column168_437602-44 > .kt-inside-inner-col{flex-direction:column;justify-content:center;}}@media all and (max-width: 767px){.kt-row-column-wrap > .kadence-column168_437602-44{align-self:center;}.kt-inner-column-height-full:not(.kt-has-1-columns) > .wp-block-kadence-column.kadence-column168_437602-44{align-self:auto;}.kt-inner-column-height-full:not(.kt-has-1-columns) > .wp-block-kadence-column.kadence-column168_437602-44 > .kt-inside-inner-col{flex-direction:column;justify-content:center;}.kadence-column168_437602-44 > .kt-inside-inner-col{flex-direction:column;justify-content:center;}}<\/style>\n<div class=\"wp-block-kadence-column kadence-column168_437602-44\"><div class=\"kt-inside-inner-col\"><style>.wp-block-kadence-advancedheading.kt-adv-heading168_0ef0d9-8b, .wp-block-kadence-advancedheading.kt-adv-heading168_0ef0d9-8b[data-kb-block=\"kb-adv-heading168_0ef0d9-8b\"]{text-align:center;font-style:normal;}.wp-block-kadence-advancedheading.kt-adv-heading168_0ef0d9-8b mark.kt-highlight, .wp-block-kadence-advancedheading.kt-adv-heading168_0ef0d9-8b[data-kb-block=\"kb-adv-heading168_0ef0d9-8b\"] mark.kt-highlight{font-style:normal;color:#f76a0c;-webkit-box-decoration-break:clone;box-decoration-break:clone;padding-top:0px;padding-right:0px;padding-bottom:0px;padding-left:0px;}.wp-block-kadence-advancedheading.kt-adv-heading168_0ef0d9-8b img.kb-inline-image, .wp-block-kadence-advancedheading.kt-adv-heading168_0ef0d9-8b[data-kb-block=\"kb-adv-heading168_0ef0d9-8b\"] img.kb-inline-image{width:150px;vertical-align:baseline;}<\/style>\n<h1 class=\"kt-adv-heading168_0ef0d9-8b wp-block-kadence-advancedheading has-theme-palette-9-color has-text-color\" data-kb-block=\"kb-adv-heading168_0ef0d9-8b\">La Seu<\/h1>\n<\/div><\/div>\n\n\n<style>.kadence-column168_f82007-4a > .kt-inside-inner-col,.kadence-column168_f82007-4a > .kt-inside-inner-col:before{border-top-left-radius:0px;border-top-right-radius:0px;border-bottom-right-radius:0px;border-bottom-left-radius:0px;}.kadence-column168_f82007-4a > .kt-inside-inner-col{column-gap:var(--global-kb-gap-sm, 1rem);}.kadence-column168_f82007-4a > .kt-inside-inner-col{flex-direction:column;}.kadence-column168_f82007-4a > .kt-inside-inner-col > .aligncenter{width:100%;}.kadence-column168_f82007-4a > .kt-inside-inner-col:before{opacity:0.3;}.kadence-column168_f82007-4a{position:relative;}@media all and (max-width: 1024px){.kadence-column168_f82007-4a > .kt-inside-inner-col{flex-direction:column;justify-content:center;}}@media all and (max-width: 767px){.kadence-column168_f82007-4a > .kt-inside-inner-col{flex-direction:column;justify-content:center;}}<\/style>\n<div class=\"wp-block-kadence-column kadence-column168_f82007-4a\"><div class=\"kt-inside-inner-col\"><\/div><\/div>\n\n<\/div><\/div>\n<div class=\"wp-block-columns is-layout-flex wp-container-core-columns-is-layout-9d6595d7 wp-block-columns-is-layout-flex\">\n<div class=\"wp-block-column is-layout-flow wp-block-column-is-layout-flow\">\n<p>El monestir de San Miguel dels Reis se situa a la ciutat de Val\u00e8ncia i va ser fundat en el segle XVI per Ferran d&#8217;Arag\u00f3, duc de Cal\u00e0bria, sobre un antic monestir de l&#8217;Orde del Cister. \u00c9s una important\u00edssima obra del renaixement valenci\u00e0 que segons alguns autors pot ser considerat com a precedent del monestir de l&#8217;Escorial, sent com aquest, monestir jer\u00f2nim, focus cultural i esgl\u00e9sia commemorativa de la mem\u00f2ria del seu fundador. Despr\u00e9s de la seua desamortitzaci\u00f3 l&#8217;edifici va tenir diversos usos civils, sent durant molts anys una pres\u00f3.<\/p>\n\n\n\n<p>Es tracta d&#8217;un conjunt arquitect\u00f2nic aixecat segons les noves directrius del Renaixement i en el mateix van participar importants arquitectes, mestres d&#8217;obra i artistes del seu temps. Aquest monestir \u00e9s una obra excepcional del panorama art\u00edstic valenci\u00e0. Ho va ser el seu projecte, que va introduir indagacions que es havien elaborat principalment en l&#8217;\u00e0mbit cortes\u00e0, i tamb\u00e9 l&#8217;obra constru\u00efda, que com succeeix sovint \u00e9s un c\u00famul d&#8217;experi\u00e8ncies que s&#8217;afegeixen i substitueixen. El resultat \u00e9s fruit de l&#8217;abadia de Sant Bernat de Rascanya, fundada per fra Arnaldo Sarany\u00f3 en 1381, de la tra\u00e7a inicial de 1546 i de la suma d&#8217;altres parcials, que principalment s&#8217;adscriuen a l&#8217;\u00e8poca classicista i van ser aportats per mestres d&#8217;ascend\u00e8ncia francesa, aix\u00ed com per a monjos i llecs.<\/p>\n<\/div>\n\n\n\n<div class=\"wp-block-column is-layout-flow wp-block-column-is-layout-flow\">\n<p>La fundaci\u00f3 del monestir va ser deguda a la intenci\u00f3 de Na Germana de Foix, esposa de Ferran d&#8217;Arag\u00f3, duc de Cal\u00e0bria, de ser enterrada, al costat del seu marit, en un monestir jer\u00f2nim. El pare Josep de Sig\u00fcenza narra que amb aquest prop\u00f2sit van triar els Ducs un lloc en les proximitats de Val\u00e8ncia, en el cam\u00ed ral de Morvedre, en el qual existia un monestir de l&#8217;Orde del Cister que es trobava en decad\u00e8ncia espiritual i material. D&#8217;aquest primitiu monestir nom\u00e9s es conserven restes arqueol\u00f2gics.<\/p>\n\n\n\n<p>La primera pedra va ser col\u00b7locada en 1548 pel bisbe i el duc i portava gravades les armes del seu fundador. La mort del duc es va convertir en 1550 llegant al monestir els seus diners, joies i la seua riqu\u00edssima biblioteca. Aquest llegat hauria servit per a la continuaci\u00f3 de les obres, per\u00f2 el seu palau va ser saquejat la mateixa nit de la seua mort.<\/p>\n\n\n\n<p>Actualment, alberga el fons hist\u00f2ric de la Biblioteca Valenciana Nicolau Primitiu.<\/p>\n<\/div>\n<\/div>\n\n<p>\u00a0<\/p>\n\n<p class=\"has-text-align-center\"><iframe loading=\"lazy\" style=\"border: 0;\" src=\"https:\/\/www.google.com\/maps\/embed?pb=!1m18!1m12!1m3!1d3078.670086652294!2d-0.3712129843561388!3d39.499363618840455!2m3!1f0!2f0!3f0!3m2!1i1024!2i768!4f13.1!3m3!1m2!1s0xd60460edd6aaaab%3A0x7b9cfa74cf3216ea!2sMonasteri+Sant+Miquel+dels+Reis!5e0!3m2!1ses!2ses!4v1557563049118!5m2!1ses!2ses\" width=\"1100\" height=\"400\" frameborder=\"0\" allowfullscreen=\"allowfullscreen\"><\/iframe><\/p>\n<style>.wp-block-kadence-advancedgallery .kb-gallery-type-grid.kb-gallery-id-168_e9508d-a6{margin:-5px;}.kb-gallery-type-grid.kb-gallery-id-168_e9508d-a6 .kadence-blocks-gallery-item{padding:5px;}.kb-gallery-id-168_e9508d-a6 .kadence-blocks-gallery-item .kb-gal-image-radius, .kb-gallery-id-168_e9508d-a6 .kb-slide-item .kb-gal-image-radius img{border-radius:0px 0px 0px 0px;;}<\/style><div class=\"kb-gallery-wrap-id-168_e9508d-a6 alignnone wp-block-kadence-advancedgallery\"><ul class=\"kb-gallery-ul kb-gallery-non-static kb-gallery-type-grid kb-gallery-id-168_e9508d-a6 kb-gallery-caption-style-bottom-hover kb-gallery-filter-none\" data-image-filter=\"none\" data-item-selector=\".kadence-blocks-gallery-item\" data-lightbox-caption=\"true\" data-columns-xxl=\"2\" data-columns-xl=\"2\" data-columns-md=\"2\" data-columns-sm=\"2\" data-columns-xs=\"1\" data-columns-ss=\"1\"><li class=\"kadence-blocks-gallery-item\"><div class=\"kadence-blocks-gallery-item-inner\"><figure class=\"kb-gallery-figure kb-gallery-item-has-link kadence-blocks-gallery-item-hide-caption\"><a href=\"https:\/\/culturalcdm.eu\/wp-content\/uploads\/2023\/11\/Monestir_de_sant_Miquel_dels_Reis_arcades_del_claustre_i_cupula.jpg\" class=\"kb-gallery-item-link\"  ><div class=\"kb-gal-image-radius\"><div class=\"kb-gallery-image-contain kadence-blocks-gallery-intrinsic kb-gallery-image-ratio-land32 kb-has-image-ratio-land32\" ><img loading=\"lazy\" decoding=\"async\" src=\"https:\/\/culturalcdm.eu\/wp-content\/uploads\/2023\/11\/Monestir_de_sant_Miquel_dels_Reis_arcades_del_claustre_i_cupula-1024x795.jpg\" width=\"1024\" height=\"795\" alt=\"\" data-full-image=\"https:\/\/culturalcdm.eu\/wp-content\/uploads\/2023\/11\/Monestir_de_sant_Miquel_dels_Reis_arcades_del_claustre_i_cupula.jpg\" data-light-image=\"https:\/\/culturalcdm.eu\/wp-content\/uploads\/2023\/11\/Monestir_de_sant_Miquel_dels_Reis_arcades_del_claustre_i_cupula.jpg\" data-id=\"871\" class=\"wp-image-871\" title=\"\" srcset=\"https:\/\/culturalcdm.eu\/wp-content\/uploads\/2023\/11\/Monestir_de_sant_Miquel_dels_Reis_arcades_del_claustre_i_cupula-1024x795.jpg 1024w, https:\/\/culturalcdm.eu\/wp-content\/uploads\/2023\/11\/Monestir_de_sant_Miquel_dels_Reis_arcades_del_claustre_i_cupula-300x233.jpg 300w, https:\/\/culturalcdm.eu\/wp-content\/uploads\/2023\/11\/Monestir_de_sant_Miquel_dels_Reis_arcades_del_claustre_i_cupula-768x596.jpg 768w, https:\/\/culturalcdm.eu\/wp-content\/uploads\/2023\/11\/Monestir_de_sant_Miquel_dels_Reis_arcades_del_claustre_i_cupula.jpg 1100w\" sizes=\"auto, (max-width: 1024px) 100vw, 1024px\" \/><\/div><\/div><\/a><\/figure><\/div><\/li><li class=\"kadence-blocks-gallery-item\"><div class=\"kadence-blocks-gallery-item-inner\"><figure class=\"kb-gallery-figure kb-gallery-item-has-link kadence-blocks-gallery-item-hide-caption\"><a href=\"https:\/\/culturalcdm.eu\/wp-content\/uploads\/2023\/11\/Escuts_dels_fundadors_del_monestir_de_Sant_Miquel_dels_Reis_Valencia.jpg\" class=\"kb-gallery-item-link\"  ><div class=\"kb-gal-image-radius\"><div class=\"kb-gallery-image-contain kadence-blocks-gallery-intrinsic kb-gallery-image-ratio-land32 kb-has-image-ratio-land32\" ><img loading=\"lazy\" decoding=\"async\" src=\"https:\/\/culturalcdm.eu\/wp-content\/uploads\/2023\/11\/Escuts_dels_fundadors_del_monestir_de_Sant_Miquel_dels_Reis_Valencia-1024x768.jpg\" width=\"1024\" height=\"768\" alt=\"\" data-full-image=\"https:\/\/culturalcdm.eu\/wp-content\/uploads\/2023\/11\/Escuts_dels_fundadors_del_monestir_de_Sant_Miquel_dels_Reis_Valencia.jpg\" data-light-image=\"https:\/\/culturalcdm.eu\/wp-content\/uploads\/2023\/11\/Escuts_dels_fundadors_del_monestir_de_Sant_Miquel_dels_Reis_Valencia.jpg\" data-id=\"862\" class=\"wp-image-862\" title=\"\" srcset=\"https:\/\/culturalcdm.eu\/wp-content\/uploads\/2023\/11\/Escuts_dels_fundadors_del_monestir_de_Sant_Miquel_dels_Reis_Valencia-1024x768.jpg 1024w, https:\/\/culturalcdm.eu\/wp-content\/uploads\/2023\/11\/Escuts_dels_fundadors_del_monestir_de_Sant_Miquel_dels_Reis_Valencia-300x225.jpg 300w, https:\/\/culturalcdm.eu\/wp-content\/uploads\/2023\/11\/Escuts_dels_fundadors_del_monestir_de_Sant_Miquel_dels_Reis_Valencia-768x576.jpg 768w, https:\/\/culturalcdm.eu\/wp-content\/uploads\/2023\/11\/Escuts_dels_fundadors_del_monestir_de_Sant_Miquel_dels_Reis_Valencia.jpg 1100w\" sizes=\"auto, (max-width: 1024px) 100vw, 1024px\" \/><\/div><\/div><\/a><\/figure><\/div><\/li><li class=\"kadence-blocks-gallery-item\"><div class=\"kadence-blocks-gallery-item-inner\"><figure class=\"kb-gallery-figure kb-gallery-item-has-link kadence-blocks-gallery-item-hide-caption\"><a href=\"https:\/\/culturalcdm.eu\/wp-content\/uploads\/2023\/11\/Monasterio-san-miquel-des-reis-claustro.jpg\" class=\"kb-gallery-item-link\"  ><div class=\"kb-gal-image-radius\"><div class=\"kb-gallery-image-contain kadence-blocks-gallery-intrinsic kb-gallery-image-ratio-land32 kb-has-image-ratio-land32\" ><img loading=\"lazy\" decoding=\"async\" src=\"https:\/\/culturalcdm.eu\/wp-content\/uploads\/2023\/11\/Monasterio-san-miquel-des-reis-claustro-1024x561.jpg\" width=\"1024\" height=\"561\" alt=\"\" data-full-image=\"https:\/\/culturalcdm.eu\/wp-content\/uploads\/2023\/11\/Monasterio-san-miquel-des-reis-claustro.jpg\" data-light-image=\"https:\/\/culturalcdm.eu\/wp-content\/uploads\/2023\/11\/Monasterio-san-miquel-des-reis-claustro.jpg\" data-id=\"868\" class=\"wp-image-868\" title=\"\" srcset=\"https:\/\/culturalcdm.eu\/wp-content\/uploads\/2023\/11\/Monasterio-san-miquel-des-reis-claustro-1024x561.jpg 1024w, https:\/\/culturalcdm.eu\/wp-content\/uploads\/2023\/11\/Monasterio-san-miquel-des-reis-claustro-300x164.jpg 300w, https:\/\/culturalcdm.eu\/wp-content\/uploads\/2023\/11\/Monasterio-san-miquel-des-reis-claustro-768x421.jpg 768w, https:\/\/culturalcdm.eu\/wp-content\/uploads\/2023\/11\/Monasterio-san-miquel-des-reis-claustro.jpg 1100w\" sizes=\"auto, (max-width: 1024px) 100vw, 1024px\" \/><\/div><\/div><\/a><\/figure><\/div><\/li><li class=\"kadence-blocks-gallery-item\"><div class=\"kadence-blocks-gallery-item-inner\"><figure class=\"kb-gallery-figure kb-gallery-item-has-link kadence-blocks-gallery-item-hide-caption\"><a href=\"https:\/\/culturalcdm.eu\/wp-content\/uploads\/2023\/11\/Monasterio-san-miquel-des-reis.jpg\" class=\"kb-gallery-item-link\"  ><div class=\"kb-gal-image-radius\"><div class=\"kb-gallery-image-contain kadence-blocks-gallery-intrinsic kb-gallery-image-ratio-land32 kb-has-image-ratio-land32\" ><img loading=\"lazy\" decoding=\"async\" src=\"https:\/\/culturalcdm.eu\/wp-content\/uploads\/2023\/11\/Monasterio-san-miquel-des-reis-1024x549.jpg\" width=\"1024\" height=\"549\" alt=\"\" data-full-image=\"https:\/\/culturalcdm.eu\/wp-content\/uploads\/2023\/11\/Monasterio-san-miquel-des-reis.jpg\" data-light-image=\"https:\/\/culturalcdm.eu\/wp-content\/uploads\/2023\/11\/Monasterio-san-miquel-des-reis.jpg\" data-id=\"865\" class=\"wp-image-865\" title=\"\" srcset=\"https:\/\/culturalcdm.eu\/wp-content\/uploads\/2023\/11\/Monasterio-san-miquel-des-reis-1024x549.jpg 1024w, https:\/\/culturalcdm.eu\/wp-content\/uploads\/2023\/11\/Monasterio-san-miquel-des-reis-300x161.jpg 300w, https:\/\/culturalcdm.eu\/wp-content\/uploads\/2023\/11\/Monasterio-san-miquel-des-reis-768x412.jpg 768w, https:\/\/culturalcdm.eu\/wp-content\/uploads\/2023\/11\/Monasterio-san-miquel-des-reis.jpg 1100w\" sizes=\"auto, (max-width: 1024px) 100vw, 1024px\" \/><\/div><\/div><\/a><\/figure><\/div><\/li><\/ul><\/div>","protected":false},"excerpt":{"rendered":"<p>La Seu El monestir de San Miguel dels Reis se situa a la ciutat de Val\u00e8ncia i va ser fundat en el segle XVI per Ferran d&#8217;Arag\u00f3, duc de Cal\u00e0bria, sobre un antic monestir de l&#8217;Orde del Cister. \u00c9s una important\u00edssima obra del renaixement valenci\u00e0 que segons alguns autors pot ser considerat com a precedent&#8230;<\/p>\n","protected":false},"author":1,"featured_media":859,"parent":1033,"menu_order":17,"comment_status":"open","ping_status":"closed","template":"","meta":{"_kad_post_transparent":"","_kad_post_title":"","_kad_post_layout":"","_kad_post_sidebar_id":"","_kad_post_content_style":"","_kad_post_vertical_padding":"","_kad_post_feature":"","_kad_post_feature_position":"","_kad_post_header":false,"_kad_post_footer":false,"_kad_post_classname":"","footnotes":""},"class_list":["post-1025","page","type-page","status-publish","has-post-thumbnail","hentry"],"_links":{"self":[{"href":"https:\/\/culturalcdm.eu\/ca\/wp-json\/wp\/v2\/pages\/1025","targetHints":{"allow":["GET"]}}],"collection":[{"href":"https:\/\/culturalcdm.eu\/ca\/wp-json\/wp\/v2\/pages"}],"about":[{"href":"https:\/\/culturalcdm.eu\/ca\/wp-json\/wp\/v2\/types\/page"}],"author":[{"embeddable":true,"href":"https:\/\/culturalcdm.eu\/ca\/wp-json\/wp\/v2\/users\/1"}],"replies":[{"embeddable":true,"href":"https:\/\/culturalcdm.eu\/ca\/wp-json\/wp\/v2\/comments?post=1025"}],"version-history":[{"count":3,"href":"https:\/\/culturalcdm.eu\/ca\/wp-json\/wp\/v2\/pages\/1025\/revisions"}],"predecessor-version":[{"id":1028,"href":"https:\/\/culturalcdm.eu\/ca\/wp-json\/wp\/v2\/pages\/1025\/revisions\/1028"}],"up":[{"embeddable":true,"href":"https:\/\/culturalcdm.eu\/ca\/wp-json\/wp\/v2\/pages\/1033"}],"wp:featuredmedia":[{"embeddable":true,"href":"https:\/\/culturalcdm.eu\/ca\/wp-json\/wp\/v2\/media\/859"}],"wp:attachment":[{"href":"https:\/\/culturalcdm.eu\/ca\/wp-json\/wp\/v2\/media?parent=1025"}],"curies":[{"name":"wp","href":"https:\/\/api.w.org\/{rel}","templated":true}]}}