{"id":1033,"date":"2023-06-28T11:32:48","date_gmt":"2023-06-28T09:32:48","guid":{"rendered":"https:\/\/culturalcdm.eu\/la-fundacio\/"},"modified":"2024-03-22T16:43:55","modified_gmt":"2024-03-22T15:43:55","slug":"la-fundacio","status":"publish","type":"page","link":"https:\/\/culturalcdm.eu\/ca\/","title":{"rendered":"La Fundaci\u00f3"},"content":{"rendered":"<style>.kb-row-layout-wrap.wp-block-kadence-rowlayout.kb-row-layout-id17_3a4406-e8{margin-bottom:var(--global-kb-spacing-xl, 4rem);}.kb-row-layout-id17_3a4406-e8 > .kt-row-column-wrap{align-content:start;}:where(.kb-row-layout-id17_3a4406-e8 > .kt-row-column-wrap) > .wp-block-kadence-column{justify-content:start;}.kb-row-layout-id17_3a4406-e8 > .kt-row-column-wrap{column-gap:var(--global-kb-gap-md, 2rem);row-gap:var(--global-kb-gap-md, 2rem);padding-top:var(--global-kb-spacing-5xl, 10rem);padding-bottom:var(--global-kb-spacing-5xl, 10rem);grid-template-columns:minmax(0, 1fr) minmax(0, 2fr) minmax(0, 1fr);}.kb-row-layout-id17_3a4406-e8 > .kt-row-layout-overlay{opacity:0.30;}@media all and (max-width: 1024px){.kb-row-layout-id17_3a4406-e8 > .kt-row-column-wrap > div:not(.added-for-specificity){grid-column:initial;}}@media all and (max-width: 1024px){.kb-row-layout-id17_3a4406-e8 > .kt-row-column-wrap{grid-template-columns:repeat(3, minmax(0, 1fr));}}@media all and (max-width: 767px){.kb-row-layout-id17_3a4406-e8 > .kt-row-column-wrap > div:not(.added-for-specificity){grid-column:initial;}.kb-row-layout-id17_3a4406-e8 > .kt-row-column-wrap{grid-template-columns:minmax(0, 1fr);}}<\/style><div class=\"kb-row-layout-wrap kb-row-layout-id17_3a4406-e8 alignfull wp-block-kadence-rowlayout\"><div class=\"kt-blocks-carousel kb-blocks-bg-slider kt-carousel-container-dotstyle-dark\"><div class=\"kt-blocks-carousel-init splide kb-blocks-bg-slider-init kt-carousel-arrowstyle-whiteondark kt-carousel-dotstyle-dark\" data-slider-anim-speed=\"400\" data-slider-type=\"slider\" data-slider-scroll=\"1\" data-slider-arrows=\"true\" data-slider-fade=\"true\" data-slider-dots=\"true\" data-slider-hover-pause=\"false\" data-slider-auto=\"true\" data-slider-speed=\"7000\" data-show-pause-button=\"false\"><div class=\"splide__track\"><ul class=\"splide__list\"><li class=\"splide__slide kb-bg-slide-contain\"><div  class=\"kb-bg-slide kb-bg-slide-0\" style=\"background-image:url(https:\/\/culturalcdm.eu\/wp-content\/uploads\/2023\/11\/valencia-catedral-interior-capilla-del-santo-caliz-boveda.jpg); background-size:cover; background-position:center center; background-repeat:no-repeat;\"><\/div><\/li><li class=\"splide__slide kb-bg-slide-contain\"><div  class=\"kb-bg-slide kb-bg-slide-1\" style=\"background-image:url(https:\/\/culturalcdm.eu\/wp-content\/uploads\/2023\/11\/background-monasterio.jpg); background-size:cover; background-position:center center; background-repeat:no-repeat;\"><\/div><\/li><li class=\"splide__slide kb-bg-slide-contain\"><div  class=\"kb-bg-slide kb-bg-slide-2\" style=\"background-image:url(https:\/\/culturalcdm.eu\/wp-content\/uploads\/2023\/11\/background-inicio.jpg); background-size:cover; background-position:center center; background-repeat:no-repeat;\"><\/div><\/li><\/ul><\/div><\/div><\/div><div class=\"kt-row-column-wrap kt-has-3-columns kt-row-layout-equal kt-tab-layout-inherit kt-mobile-layout-row kt-row-valign-top\">\n<style>.kadence-column17_9a189c-b4 > .kt-inside-inner-col,.kadence-column17_9a189c-b4 > .kt-inside-inner-col:before{border-top-left-radius:0px;border-top-right-radius:0px;border-bottom-right-radius:0px;border-bottom-left-radius:0px;}.kadence-column17_9a189c-b4 > .kt-inside-inner-col{column-gap:var(--global-kb-gap-sm, 1rem);}.kadence-column17_9a189c-b4 > .kt-inside-inner-col{flex-direction:column;}.kadence-column17_9a189c-b4 > .kt-inside-inner-col > .aligncenter{width:100%;}.kadence-column17_9a189c-b4 > .kt-inside-inner-col:before{opacity:0.3;}.kadence-column17_9a189c-b4{position:relative;}@media all and (max-width: 1024px){.kadence-column17_9a189c-b4 > .kt-inside-inner-col{flex-direction:column;justify-content:center;}}@media all and (max-width: 767px){.kadence-column17_9a189c-b4 > .kt-inside-inner-col{flex-direction:column;justify-content:center;}}<\/style>\n<div class=\"wp-block-kadence-column kadence-column17_9a189c-b4\"><div class=\"kt-inside-inner-col\"><\/div><\/div>\n\n\n<style>.kadence-column17_003775-e6 > .kt-inside-inner-col{padding-top:var(--global-kb-spacing-md, 2rem);padding-right:var(--global-kb-spacing-md, 2rem);padding-bottom:var(--global-kb-spacing-md, 2rem);padding-left:var(--global-kb-spacing-md, 2rem);}.kadence-column17_003775-e6 > .kt-inside-inner-col,.kadence-column17_003775-e6 > .kt-inside-inner-col:before{border-top-left-radius:0px;border-top-right-radius:0px;border-bottom-right-radius:0px;border-bottom-left-radius:0px;}.kadence-column17_003775-e6 > .kt-inside-inner-col{column-gap:var(--global-kb-gap-sm, 1rem);}.kadence-column17_003775-e6 > .kt-inside-inner-col{flex-direction:column;}.kadence-column17_003775-e6 > .kt-inside-inner-col > .aligncenter{width:100%;}.kadence-column17_003775-e6 > .kt-inside-inner-col{background-color:rgba(0, 0, 0, 0.23);}.kadence-column17_003775-e6 > .kt-inside-inner-col:before{opacity:0.3;}.kadence-column17_003775-e6{position:relative;}.kadence-column17_003775-e6, .kt-inside-inner-col > .kadence-column17_003775-e6:not(.specificity){margin-bottom:0px;}@media all and (max-width: 1024px){.kadence-column17_003775-e6 > .kt-inside-inner-col{flex-direction:column;justify-content:center;}}@media all and (max-width: 767px){.kadence-column17_003775-e6 > .kt-inside-inner-col{flex-direction:column;justify-content:center;}}<\/style>\n<div class=\"wp-block-kadence-column kadence-column17_003775-e6\"><div class=\"kt-inside-inner-col\"><style>.wp-block-kadence-advancedheading.kt-adv-heading17_926ecb-9f, .wp-block-kadence-advancedheading.kt-adv-heading17_926ecb-9f[data-kb-block=\"kb-adv-heading17_926ecb-9f\"]{text-align:center;font-style:normal;}.wp-block-kadence-advancedheading.kt-adv-heading17_926ecb-9f mark.kt-highlight, .wp-block-kadence-advancedheading.kt-adv-heading17_926ecb-9f[data-kb-block=\"kb-adv-heading17_926ecb-9f\"] mark.kt-highlight{font-style:normal;color:#f76a0c;-webkit-box-decoration-break:clone;box-decoration-break:clone;padding-top:0px;padding-right:0px;padding-bottom:0px;padding-left:0px;}.wp-block-kadence-advancedheading.kt-adv-heading17_926ecb-9f img.kb-inline-image, .wp-block-kadence-advancedheading.kt-adv-heading17_926ecb-9f[data-kb-block=\"kb-adv-heading17_926ecb-9f\"] img.kb-inline-image{width:150px;vertical-align:baseline;}<\/style>\n<h1 class=\"kt-adv-heading17_926ecb-9f wp-block-kadence-advancedheading has-theme-palette-9-color has-text-color\" data-kb-block=\"kb-adv-heading17_926ecb-9f\">FUNDACI\u00d3 CULTURAL CDM<\/h1>\n\n\n\n<p class=\"has-text-align-center has-theme-palette-9-color has-text-color has-medium-font-size\">Centre Internacional per a la m\u00fasica, la tradici\u00f3 i el patrimoni de la Corona d&#8217;Arag\u00f3<\/p>\n<\/div><\/div>\n\n\n<style>.kadence-column17_7b5437-af > .kt-inside-inner-col,.kadence-column17_7b5437-af > .kt-inside-inner-col:before{border-top-left-radius:0px;border-top-right-radius:0px;border-bottom-right-radius:0px;border-bottom-left-radius:0px;}.kadence-column17_7b5437-af > .kt-inside-inner-col{column-gap:var(--global-kb-gap-sm, 1rem);}.kadence-column17_7b5437-af > .kt-inside-inner-col{flex-direction:column;}.kadence-column17_7b5437-af > .kt-inside-inner-col > .aligncenter{width:100%;}.kadence-column17_7b5437-af > .kt-inside-inner-col:before{opacity:0.3;}.kadence-column17_7b5437-af{position:relative;}@media all and (max-width: 1024px){.kadence-column17_7b5437-af > .kt-inside-inner-col{flex-direction:column;justify-content:center;}}@media all and (max-width: 767px){.kadence-column17_7b5437-af > .kt-inside-inner-col{flex-direction:column;justify-content:center;}}<\/style>\n<div class=\"wp-block-kadence-column kadence-column17_7b5437-af\"><div class=\"kt-inside-inner-col\"><\/div><\/div>\n\n<\/div><\/div>\n<div class=\"wp-block-columns is-layout-flex wp-container-core-columns-is-layout-9d6595d7 wp-block-columns-is-layout-flex\">\n<div class=\"wp-block-column is-layout-flow wp-block-column-is-layout-flow\">\n<p>La Fundaci\u00f3 Cultural CdM, Centre Internacional per a la M\u00fasica, la Tradici\u00f3 i el Patrimoni de la Corona d&#8217;Arag\u00f3, suposa el reconeixement d&#8217;una her\u00e8ncia musical de notable import\u00e0ncia per a la hist\u00f2ria musical d&#8217;occident, des de Val\u00e8ncia, una ciutat amb constant rellev\u00e0ncia hist\u00f2rica i patrimonial, de la qual ha fet gala al llarg de la seua hist\u00f2ria. En aquest sentit, les propostes de la FCCdM redunden de forma molt positiva per a la societat, amb evidents repercussions en els \u00e0mbits cultural i social. Partint d&#8217;una realitat hist\u00f2rica com \u00e9s l&#8217;exist\u00e8ncia, entre els segles XII fins als inicis del XVIII d&#8217;una estructura geopol\u00edtica, cultural i social coneguda com la Corona d&#8217;Arag\u00f3, es promulga a trav\u00e9s de la FCCdM protegir, difondre, recuperar i potenciar el patrimoni musical i cultural generat entorn del conjunt de territoris que integraven aquest territori i la seua internacionalitzaci\u00f3.<\/p>\n<\/div>\n\n\n\n<div class=\"wp-block-column is-layout-flow wp-block-column-is-layout-flow\">\n<p>La singularitat i caracter\u00edstiques pr\u00f2pies de la cultura en general -i de la m\u00fasica en particular- justifiquen, per si mateixes, la seua exist\u00e8ncia. La FCCdM estableix per a la consecuci\u00f3 dels seus objectius i finalitats un marc d&#8217;actuaci\u00f3 que tamb\u00e9 se centra en l&#8217;eix Flandes (Holanda), It\u00e0lia, el Mediterrani, les Corones d&#8217;Arag\u00f3, Navarra i Castella i el sud de Fran\u00e7a, en clara correspond\u00e8ncia amb el seu propi context hist\u00f2ric, permetent aix\u00ed oferir una visi\u00f3 global i integral que at\u00e9n, a m\u00e9s de les particularitats locals, les l\u00f2giques correspond\u00e8ncies i sinergies establertes entre els diferents espais de conviv\u00e8ncia, aix\u00ed com la comunicaci\u00f3 i l&#8217;intercanvi entre totes les cultures d&#8217;orient i occident.<\/p>\n<\/div>\n<\/div>\n<style>.wp-block-kadence-spacer.kt-block-spacer-17_e9bf61-ca .kt-block-spacer{height:60px;}.wp-block-kadence-spacer.kt-block-spacer-17_e9bf61-ca .kt-divider{border-top-width:1px;height:1px;border-top-color:#eee;width:80%;border-top-style:solid;}<\/style>\n<div class=\"wp-block-kadence-spacer aligncenter kt-block-spacer-17_e9bf61-ca\"><div class=\"kt-block-spacer kt-block-spacer-halign-center\"><hr class=\"kt-divider\"\/><\/div><\/div>\n\n<div class=\"wp-block-columns is-layout-flex wp-container-core-columns-is-layout-9d6595d7 wp-block-columns-is-layout-flex\">\n<div class=\"wp-block-column is-layout-flow wp-block-column-is-layout-flow\">\n<p>Per a la consecuci\u00f3 dels seus objectius, el Centre Internacional per a la m\u00fasica, la tradici\u00f3 i el patrimoni de la Corona d&#8217;Arag\u00f3 desenvolupa diversos projectes i programes d&#8217;actuaci\u00f3 entorn de la recerca, la divulgaci\u00f3, la difusi\u00f3, la formaci\u00f3 i la producci\u00f3 de propostes entorn de la m\u00fasica, el patrimoni i la tradici\u00f3. Entre tots ells destaquen la traject\u00f2ria de difusi\u00f3 i cerca de Capella de Ministrers; el <em>Festival MHA<\/em> &#8211; M\u00fasica, Hist\u00f2ria i Art; el projecte de recuperaci\u00f3 dels instruments dels \u00e0ngels m\u00fasics de la Catedral de Val\u00e8ncia; el <em>Curs i Festival Early Music Morella<\/em>; o la restauraci\u00f3 del <em>Cant de la Sibil\u00b7la<\/em> a la Seu de Val\u00e8ncia, entre altres. Aix\u00ed mateix, la FCCdM persegueix complir els Objectius de Desenvolupament Sostenible de l&#8217;Agenda 2030 establerts per l&#8217;ONU.<\/p>\n<\/div>\n\n\n\n<div class=\"wp-block-column is-layout-flow wp-block-column-is-layout-flow\">\n<p>La Fundaci\u00f3 realitza accions socials i culturals, en les quals destaquen la seua col\u00b7laboraci\u00f3 amb l&#8217;Associaci\u00f3 \u00c0mbit, mitjan\u00e7ant la inclusi\u00f3 laboral dels seus usuaris en els festivals organitzats per la FCCdM, i l&#8217;organitzaci\u00f3 d&#8217;intercanvis educatius entre joves de pa\u00efsos en vies de desenvolupament. La FCCdM fomenta aix\u00ed la difusi\u00f3 local i comunit\u00e0ria i la internacionalitzaci\u00f3 de la cultura des de la recerca, l&#8217;educaci\u00f3 i l&#8217;experimentaci\u00f3, amb un evident car\u00e0cter R+D+i, afavorint aix\u00ed els vincles entre la poblaci\u00f3, acostant i estimulant la cultura, afavorint la comunicaci\u00f3, amb relacions directes entre diversos festivals, centres d&#8217;ensenyament o de recerca, conservatoris, i des d&#8217;una perspectiva marcadament interdisciplin\u00e0ria.<\/p>\n<\/div>\n<\/div>\n","protected":false},"excerpt":{"rendered":"<p>FUNDACI\u00d3 CULTURAL CDM Centre Internacional per a la m\u00fasica, la tradici\u00f3 i el patrimoni de la Corona d&#8217;Arag\u00f3 La Fundaci\u00f3 Cultural CdM, Centre Internacional per a la M\u00fasica, la Tradici\u00f3 i el Patrimoni de la Corona d&#8217;Arag\u00f3, suposa el reconeixement d&#8217;una her\u00e8ncia musical de notable import\u00e0ncia per a la hist\u00f2ria musical d&#8217;occident, des de Val\u00e8ncia,&#8230;<\/p>\n","protected":false},"author":1,"featured_media":14,"parent":0,"menu_order":18,"comment_status":"open","ping_status":"open","template":"","meta":{"_kad_post_transparent":"","_kad_post_title":"","_kad_post_layout":"","_kad_post_sidebar_id":"","_kad_post_content_style":"","_kad_post_vertical_padding":"","_kad_post_feature":"","_kad_post_feature_position":"","_kad_post_header":false,"_kad_post_footer":false,"_kad_post_classname":"","footnotes":""},"class_list":["post-1033","page","type-page","status-publish","has-post-thumbnail","hentry"],"_links":{"self":[{"href":"https:\/\/culturalcdm.eu\/ca\/wp-json\/wp\/v2\/pages\/1033","targetHints":{"allow":["GET"]}}],"collection":[{"href":"https:\/\/culturalcdm.eu\/ca\/wp-json\/wp\/v2\/pages"}],"about":[{"href":"https:\/\/culturalcdm.eu\/ca\/wp-json\/wp\/v2\/types\/page"}],"author":[{"embeddable":true,"href":"https:\/\/culturalcdm.eu\/ca\/wp-json\/wp\/v2\/users\/1"}],"replies":[{"embeddable":true,"href":"https:\/\/culturalcdm.eu\/ca\/wp-json\/wp\/v2\/comments?post=1033"}],"version-history":[{"count":4,"href":"https:\/\/culturalcdm.eu\/ca\/wp-json\/wp\/v2\/pages\/1033\/revisions"}],"predecessor-version":[{"id":1702,"href":"https:\/\/culturalcdm.eu\/ca\/wp-json\/wp\/v2\/pages\/1033\/revisions\/1702"}],"wp:featuredmedia":[{"embeddable":true,"href":"https:\/\/culturalcdm.eu\/ca\/wp-json\/wp\/v2\/media\/14"}],"wp:attachment":[{"href":"https:\/\/culturalcdm.eu\/ca\/wp-json\/wp\/v2\/media?parent=1033"}],"curies":[{"name":"wp","href":"https:\/\/api.w.org\/{rel}","templated":true}]}}