{"id":1099,"date":"2019-05-14T10:30:58","date_gmt":"2019-05-14T08:30:58","guid":{"rendered":"https:\/\/culturalcdm.eu\/mecuv\/"},"modified":"2023-12-21T14:01:56","modified_gmt":"2023-12-21T13:01:56","slug":"mecuv","status":"publish","type":"page","link":"https:\/\/culturalcdm.eu\/ca\/mecuv\/","title":{"rendered":"MeCuv"},"content":{"rendered":"\n<p>La Mesa de Participaci\u00f3 de la Cultura Valenciana \u00e9s un f\u00f2rum de di\u00e0leg obert entre la Secretaria Auton\u00f2mica de Cultura i Esport amb els diferents agents culturals de la societat civil valenciana. L&#8217;espai de participaci\u00f3 i di\u00e0leg del govern valenci\u00e0 amb els diferents sectors culturals i creatius valencians a partir del qual es determinaran els procediments per a fer aportacions a les normatives i bases noves que elaborar\u00e0 l&#8217;Administraci\u00f3. Neix, aix\u00ed i tot, per a consolidar el desenvolupament del Codi de Bones Pr\u00e0ctiques en la Cultura Valenciana en aquesta nova etapa en la pol\u00edtica cultural i implementar eines de participaci\u00f3 dels sectors culturals, aix\u00ed com per a donar compliment als compromisos del Pla Estrat\u00e8gic Cultural.<\/p>\n\n<p>La MeCuv es convoca per part de la Secretaria Auton\u00f2mic de Cultura i Esport i s&#8217;articula en diferents comissions que presideixen i organitzen els diferents responsables dels \u00f2rgans directius.<\/p>\n\n<p>La Fundaci\u00f3 Cultural CdM forma part de les seg\u00fcents comissions:<\/p>\n\n<ol class=\"wp-block-list\">\n<li><b>Comissi\u00f3 M\u00fasica i Cultura Popular<\/b><\/li>\n\n\n\n<li><b>Comissi\u00f3 Educaci\u00f3 i Cultura<\/b><\/li>\n\n\n\n<li><b>Comissi\u00f3 Patrimoni, Museus i Arts Visuals<\/b><\/li>\n<\/ol>\n","protected":false},"excerpt":{"rendered":"<p>La Mesa de Participaci\u00f3 de la Cultura Valenciana \u00e9s un f\u00f2rum de di\u00e0leg obert entre la Secretaria Auton\u00f2mica de Cultura i Esport amb els diferents agents culturals de la societat civil valenciana. L&#8217;espai de participaci\u00f3 i di\u00e0leg del govern valenci\u00e0 amb els diferents sectors culturals i creatius valencians a partir del qual es determinaran els&#8230;<\/p>\n","protected":false},"author":1,"featured_media":0,"parent":0,"menu_order":7,"comment_status":"open","ping_status":"open","template":"","meta":{"_kad_post_transparent":"","_kad_post_title":"","_kad_post_layout":"","_kad_post_sidebar_id":"","_kad_post_content_style":"","_kad_post_vertical_padding":"","_kad_post_feature":"","_kad_post_feature_position":"","_kad_post_header":false,"_kad_post_footer":false,"_kad_post_classname":"","footnotes":""},"class_list":["post-1099","page","type-page","status-publish","hentry"],"_links":{"self":[{"href":"https:\/\/culturalcdm.eu\/ca\/wp-json\/wp\/v2\/pages\/1099","targetHints":{"allow":["GET"]}}],"collection":[{"href":"https:\/\/culturalcdm.eu\/ca\/wp-json\/wp\/v2\/pages"}],"about":[{"href":"https:\/\/culturalcdm.eu\/ca\/wp-json\/wp\/v2\/types\/page"}],"author":[{"embeddable":true,"href":"https:\/\/culturalcdm.eu\/ca\/wp-json\/wp\/v2\/users\/1"}],"replies":[{"embeddable":true,"href":"https:\/\/culturalcdm.eu\/ca\/wp-json\/wp\/v2\/comments?post=1099"}],"version-history":[{"count":3,"href":"https:\/\/culturalcdm.eu\/ca\/wp-json\/wp\/v2\/pages\/1099\/revisions"}],"predecessor-version":[{"id":1102,"href":"https:\/\/culturalcdm.eu\/ca\/wp-json\/wp\/v2\/pages\/1099\/revisions\/1102"}],"wp:attachment":[{"href":"https:\/\/culturalcdm.eu\/ca\/wp-json\/wp\/v2\/media?parent=1099"}],"curies":[{"name":"wp","href":"https:\/\/api.w.org\/{rel}","templated":true}]}}