{"id":1282,"date":"2019-05-14T09:40:53","date_gmt":"2019-05-14T07:40:53","guid":{"rendered":"https:\/\/culturalcdm.eu\/el-cant-de-la-sibilla\/"},"modified":"2024-01-12T13:53:14","modified_gmt":"2024-01-12T12:53:14","slug":"el-cant-de-la-sibilla","status":"publish","type":"page","link":"https:\/\/culturalcdm.eu\/ca\/el-cant-de-la-sibilla\/","title":{"rendered":"El Cant de la Sibil\u00b7la"},"content":{"rendered":"\n<figure class=\"wp-block-image aligncenter size-large\"><img loading=\"lazy\" decoding=\"async\" width=\"1024\" height=\"495\" src=\"https:\/\/culturalcdm.eu\/wp-content\/uploads\/2023\/11\/El-Canto-de-la-sibila-d-1024x495.jpg\" alt=\"\" class=\"wp-image-933\" title=\"\" srcset=\"https:\/\/culturalcdm.eu\/wp-content\/uploads\/2023\/11\/El-Canto-de-la-sibila-d-1024x495.jpg 1024w, https:\/\/culturalcdm.eu\/wp-content\/uploads\/2023\/11\/El-Canto-de-la-sibila-d-300x145.jpg 300w, https:\/\/culturalcdm.eu\/wp-content\/uploads\/2023\/11\/El-Canto-de-la-sibila-d-768x371.jpg 768w, https:\/\/culturalcdm.eu\/wp-content\/uploads\/2023\/11\/El-Canto-de-la-sibila-d.jpg 1200w\" sizes=\"auto, (max-width: 1024px) 100vw, 1024px\" \/><\/figure>\n\n<p>Una de les interpretacions del Cant de la Sibil\u00b7la m\u00e9s rellevants en el seu moment, a causa de la gran documentaci\u00f3 que conservem, va ser la que s&#8217;interpretava en la Catedral de Val\u00e8ncia. Hem de retrocedir en el segle XI per a trobar la primera documentaci\u00f3 referent a Sibil\u00b7la en la Catedral de Val\u00e8ncia. El manuscrit 78 de l&#8217;arxiu de la Seu inclou un Sermo de symbolo amb els corresponents versos de Sibil\u00b7la, encara que no \u00e9s f\u00e0cil justificar la pres\u00e8ncia d&#8217;aquest manuscrit abans de la presa de la ciutat pel rei Jaume I, tret que fos adquirit despr\u00e9s d&#8217;aquesta efem\u00e8ride.<\/p>\n\n<p>Per a seguir el rastre documental que ens va deixar la Sibil\u00b7la a Val\u00e8ncia \u00e9s necessari despla\u00e7ar-se fins a l&#8217;any 1464 on el Sermo de symbolo ocupava la Lli\u00e7\u00f3 Sisena de les Matines de Nadal, segons un Breviari conservat a la Catedral valenciana. Sanchis i Sivera ens relata a 1909 que &#8220;<em>en el segon nocturn de les matines, la lli\u00e7\u00f3 VI era de Sant Agust\u00ed, on es troba el testimoni de la Sibil\u00b7la Eritrea, repetint despr\u00e9s de cada d\u00edstic el primer: Judicii tellus &#8230; segons es veu en un Breviari valenci\u00e0 de 1464. Despr\u00e9s es van afegir tots els testimonis que van profetitzar la vinguda de Jesucrist, els quals anunciava el lector d&#8217;aquesta manera: desembre tu, Jeremia, dicat et Isaias<\/em>.&#8221;<\/p>\n\n<p>De les moltes versions que es conserven del Cant de Sibil\u00b7la i, amb l&#8217;objectiu de restaurar aquesta tradici\u00f3 i reflexionar sobre la vinguda de Crist al m\u00f3n i el m\u00e9s enll\u00e0, Carles Magraner, director de <a href=\"\/?p=5\">Capella de Ministrers<\/a>, va restaurar el 2012 -per la seua repercussi\u00f3- la versi\u00f3 de la Catedral de Val\u00e8ncia sota criteris hist\u00f2ricament documentats, amb les influ\u00e8ncies que sobre ella va exercir la tradici\u00f3 toledana i les seues vinculacions amb la mallorquina, declarada en 2010 per la UNESCO Patrimoni Immaterial de la Humanitat.<\/p>\n\n<p>Un tresor del nostre patrimoni musical i religi\u00f3s perdut durant cinc segles i que ara ha tornat amb tota la seua esplendor a la Seu Metropolitana. Una recuperaci\u00f3 que va restaurar aquest Cant de Sibil\u00b7la i adaptar tota l&#8217;estructura paralit\u00fargica del drama, per a aix\u00f2 utilitzen els instruments r\u00e8pliques dels quals toquen els \u00e0ngels m\u00fasics dels frescos de l&#8217;altar major de la Catedral. Per a la restauraci\u00f3 Carles Magraner va comptar amb la col\u00b7laboraci\u00f3 de diversos especialistes, com la catedr\u00e0tica de m\u00fasica medieval MariCarmen G\u00f3mez Muntan\u00e9 (UAB) i especialment del recentment desaparegut Josep Llu\u00eds Sirera, catedr\u00e0tic de teatre medieval de la Universitat de Val\u00e8ncia, encarregat de reescriure l&#8217;adaptaci\u00f3 textual del drama, especialment del Serm\u00f3 dels Profetes que precedia el cant sibil\u00b7l\u00ed. Servisquen aquestes l\u00ednies per a homenatjar la seua valuosa traject\u00f2ria acad\u00e8mica.<\/p>\n\n<p><em>Al jorn del judici veur\u00e0s qui ha fet servici<\/em><\/p>\n\n<p><em>D\u2019una Verge naixer\u00e0 Deu y hom qui jutjar\u00e0<\/em><\/p>\n\n<p><em>de casc\u00fa lo be y lo mal al jorn del jui final.<\/em><\/p>\n\n<p><em>Mostrar san quince senyals per lo mon molt generals,<\/em><\/p>\n\n<p><em>los morts ressucitaran, de hon tots tremolar\u00e0n.<\/em><\/p>\n\n<p><em>Dalt dels cels davallar\u00e0 Jesuchrist, y es mostrar\u00e0<\/em><\/p>\n\n<p><em>en lo vall de Josaphat hon ser\u00e0 tot hom jutjat.<\/em><\/p>\n\n<p><em>Portar\u00e0 casc\u00fa escrit en lo front \u00e0l seu despit<\/em><\/p>\n\n<p><em>les obres que haur\u00e0 fet, don haur\u00e0 casc\u00fa son dret.<\/em><\/p>\n\n<p><em>Als bons dar\u00e0 goig etern, \u00e8 als mals lo foch d`infern,<\/em><\/p>\n\n<p><em>\u00e0 hon sempre penaran puix \u00e0 Deu offes hauran.<\/em><\/p>\n","protected":false},"excerpt":{"rendered":"<p>Una de les interpretacions del Cant de la Sibil\u00b7la m\u00e9s rellevants en el seu moment, a causa de la gran documentaci\u00f3 que conservem, va ser la que s&#8217;interpretava en la Catedral de Val\u00e8ncia. Hem de retrocedir en el segle XI per a trobar la primera documentaci\u00f3 referent a Sibil\u00b7la en la Catedral de Val\u00e8ncia. El&#8230;<\/p>\n","protected":false},"author":1,"featured_media":111,"parent":0,"menu_order":19,"comment_status":"open","ping_status":"open","template":"","meta":{"_kad_post_transparent":"","_kad_post_title":"","_kad_post_layout":"","_kad_post_sidebar_id":"","_kad_post_content_style":"","_kad_post_vertical_padding":"","_kad_post_feature":"","_kad_post_feature_position":"","_kad_post_header":false,"_kad_post_footer":false,"_kad_post_classname":"","footnotes":""},"class_list":["post-1282","page","type-page","status-publish","has-post-thumbnail","hentry"],"_links":{"self":[{"href":"https:\/\/culturalcdm.eu\/ca\/wp-json\/wp\/v2\/pages\/1282","targetHints":{"allow":["GET"]}}],"collection":[{"href":"https:\/\/culturalcdm.eu\/ca\/wp-json\/wp\/v2\/pages"}],"about":[{"href":"https:\/\/culturalcdm.eu\/ca\/wp-json\/wp\/v2\/types\/page"}],"author":[{"embeddable":true,"href":"https:\/\/culturalcdm.eu\/ca\/wp-json\/wp\/v2\/users\/1"}],"replies":[{"embeddable":true,"href":"https:\/\/culturalcdm.eu\/ca\/wp-json\/wp\/v2\/comments?post=1282"}],"version-history":[{"count":1,"href":"https:\/\/culturalcdm.eu\/ca\/wp-json\/wp\/v2\/pages\/1282\/revisions"}],"predecessor-version":[{"id":1283,"href":"https:\/\/culturalcdm.eu\/ca\/wp-json\/wp\/v2\/pages\/1282\/revisions\/1283"}],"wp:featuredmedia":[{"embeddable":true,"href":"https:\/\/culturalcdm.eu\/ca\/wp-json\/wp\/v2\/media\/111"}],"wp:attachment":[{"href":"https:\/\/culturalcdm.eu\/ca\/wp-json\/wp\/v2\/media?parent=1282"}],"curies":[{"name":"wp","href":"https:\/\/api.w.org\/{rel}","templated":true}]}}