{"id":1290,"date":"2024-01-12T14:19:29","date_gmt":"2024-01-12T13:19:29","guid":{"rendered":"https:\/\/culturalcdm.eu\/?page_id=1290"},"modified":"2024-01-12T14:41:49","modified_gmt":"2024-01-12T13:41:49","slug":"ruta-de-la-seda","status":"publish","type":"page","link":"https:\/\/culturalcdm.eu\/ca\/ruta-de-la-seda\/","title":{"rendered":"Ruta de la Seda"},"content":{"rendered":"\n\n\n<p>La Ruta de la Seda \u00e9s un dels assoliments m\u00e9s significatius de la hist\u00f2ria de les civilitzacions. Per la gran Ruta de la Seda no sols circulaven les caravanes comercials, tamb\u00e9 les cultures dels pobles, els valors espirituals, les idees religioses. La seda ha estat una de les vies entorn de la qual ha girat la relaci\u00f3 entre els pobles d&#8217;Orient i Occident, ja trav\u00e9s de la seda s&#8217;ha produ\u00eft una comunicaci\u00f3 tecnol\u00f2gica, econ\u00f2mica, art\u00edstica i cultural entre \u00e0rees geogr\u00e0fiques molt allunyades, convertint un cam\u00ed de transmissi\u00f3 de sabers, d&#8217;intercanvi de cultures i de costums. Ens ha constru\u00eft tamb\u00e9 a nosaltres, fent-nos m\u00e9s conscients del nostre passat pluricultural, del qual tamb\u00e9 l&#8217;Islam va formar part amb aportacions fonamentals, entre les quals cal destacar la introducci\u00f3 de la ind\u00fastria de la seda en el continent europeu.<\/p>\n\n\n\n<p>Recrear aquest viatge musical per la Ruta de la Seda \u00e9s una tasca apassionant que nom\u00e9s es pot realitzar des de la humilitat que promou tanta grandesa i diversitat musical. M\u00e9s de 7.000 quil\u00f2metres de cultures, m\u00fasiques i tradicions, des de la capital xinesa de Xi&#8217;an, en el seu extrem oriental, fins al Mediterrani i Val\u00e8ncia, ciutat de la Llotja de la Seda. El viatge de la diversitat cultural, que es converteix en hist\u00f2ria de la tradici\u00f3 musical de la humanitat, comen\u00e7a al pa\u00eds de la seda,&nbsp;Serinda, fins a l&#8217;Orient Lluny\u00e0, Constantinoble, capital de l&#8217;Imperi Bizant\u00ed. Des de la ciutat la Xina a la vora del desert de&nbsp;Taklamkan, ens endinsem pel Karakorum en la cultura \u00cdndia per a despr\u00e9s obrir les portes a l&#8217;Imperi Persa, a Orient Mitj\u00e0, entre la frontera de l&#8217;\u00cdndia i Constantinoble fins a It\u00e0lia, prenent el cam\u00ed de retorn d&#8217;Occident a Orient amb el viatge de Marco Polo per les grans ciutats de la seda en el segle XIII. En acabar, el Nord d&#8217;\u00c0frica. L&#8217;\u00faltima baula d&#8217;aquest recorregut el trobem en la part m\u00e9s occidental de la Ruta de la Seda, la ciutat de Val\u00e8ncia i el seu Art de Velluters que arrossegant la tradici\u00f3 oriental cap al Mediterrani recull les influ\u00e8ncies de la diversitat de la m\u00fasica del Mare Nostrum.<\/p>\n\n\n\n<p>La complexitat de les influ\u00e8ncies m\u00fatues entre aquestes&nbsp;civilitzacions&nbsp;es converteix en la&nbsp;seua&nbsp;pr\u00f2pia riquesa, un valor que ens proporciona a la nostra \u00e8poca un singular marc per a promoure el di\u00e0leg entre Orient i Occident i l&#8217;acceptaci\u00f3 de les identitats plurals, idea fonamental per facilitar la comunicaci\u00f3 i l&#8217;intercanvi d&#8217;experi\u00e8ncies entre els pobles. \u00c9s aquest un viatge musical a trav\u00e9s dels territoris de la Ruta de la Seda, m\u00e9s enll\u00e0 de les fronteres. Una experi\u00e8ncia \u00fanica per a compartir aquesta her\u00e8ncia comuna, rescatant el passat per a ser portat al present, des de la m\u00fasica com a llenguatge universal a tots nosaltres.<\/p>\n\n\n\n<figure class=\"wp-block-image aligncenter size-full\"><img loading=\"lazy\" decoding=\"async\" width=\"485\" height=\"137\" src=\"https:\/\/culturalcdm.eu\/wp-content\/uploads\/2023\/11\/logos-unesco.png\" alt=\"\" class=\"wp-image-941\" title=\"\" srcset=\"https:\/\/culturalcdm.eu\/wp-content\/uploads\/2023\/11\/logos-unesco.png 485w, https:\/\/culturalcdm.eu\/wp-content\/uploads\/2023\/11\/logos-unesco-300x85.png 300w\" sizes=\"auto, (max-width: 485px) 100vw, 485px\" \/><\/figure>\n","protected":false},"excerpt":{"rendered":"<p>La Ruta de la Seda \u00e9s un dels assoliments m\u00e9s significatius de la hist\u00f2ria de les civilitzacions. Per la gran Ruta de la Seda no sols circulaven les caravanes comercials, tamb\u00e9 les cultures dels pobles, els valors espirituals, les idees religioses. La seda ha estat una de les vies entorn de la qual ha girat&#8230;<\/p>\n","protected":false},"author":2,"featured_media":0,"parent":0,"menu_order":0,"comment_status":"closed","ping_status":"closed","template":"","meta":{"_kad_post_transparent":"","_kad_post_title":"","_kad_post_layout":"","_kad_post_sidebar_id":"","_kad_post_content_style":"","_kad_post_vertical_padding":"","_kad_post_feature":"","_kad_post_feature_position":"","_kad_post_header":false,"_kad_post_footer":false,"_kad_post_classname":"","footnotes":""},"class_list":["post-1290","page","type-page","status-publish","hentry"],"_links":{"self":[{"href":"https:\/\/culturalcdm.eu\/ca\/wp-json\/wp\/v2\/pages\/1290","targetHints":{"allow":["GET"]}}],"collection":[{"href":"https:\/\/culturalcdm.eu\/ca\/wp-json\/wp\/v2\/pages"}],"about":[{"href":"https:\/\/culturalcdm.eu\/ca\/wp-json\/wp\/v2\/types\/page"}],"author":[{"embeddable":true,"href":"https:\/\/culturalcdm.eu\/ca\/wp-json\/wp\/v2\/users\/2"}],"replies":[{"embeddable":true,"href":"https:\/\/culturalcdm.eu\/ca\/wp-json\/wp\/v2\/comments?post=1290"}],"version-history":[{"count":2,"href":"https:\/\/culturalcdm.eu\/ca\/wp-json\/wp\/v2\/pages\/1290\/revisions"}],"predecessor-version":[{"id":1293,"href":"https:\/\/culturalcdm.eu\/ca\/wp-json\/wp\/v2\/pages\/1290\/revisions\/1293"}],"wp:attachment":[{"href":"https:\/\/culturalcdm.eu\/ca\/wp-json\/wp\/v2\/media?parent=1290"}],"curies":[{"name":"wp","href":"https:\/\/api.w.org\/{rel}","templated":true}]}}