{"id":1668,"date":"2024-03-12T16:10:44","date_gmt":"2024-03-12T15:10:44","guid":{"rendered":"https:\/\/culturalcdm.eu\/ajudes\/"},"modified":"2025-06-25T18:18:03","modified_gmt":"2025-06-25T16:18:03","slug":"ajudes","status":"publish","type":"page","link":"https:\/\/culturalcdm.eu\/ca\/ajudes\/","title":{"rendered":"Ajudes"},"content":{"rendered":"\n<div style=\"height:50px\" aria-hidden=\"true\" class=\"wp-block-spacer\"><\/div>\n\n\n\n<p><strong>OPEN CALL M\u00daSICA ANDALUSINA<\/strong> <strong>2025<\/strong><br><br>S\u2019obri el per\u00edode de presentaci\u00f3 de propostes per a formar part de la programaci\u00f3 de la XIV edici\u00f3 del Festival Early Music Morella, que se celebrar\u00e0 entre els dies 18 i 24 de juliol de 2025.<br><br>La convocat\u00f2ria est\u00e0 dirigida a grups i\/o solistes de m\u00fasica andalusina, entesa com la m\u00fasica tradicional de la regi\u00f3 del Magrib, especialment del Marroc, en la seua vessant hist\u00f2rica. D\u2019entre les propostes presentades, l\u2019organitzaci\u00f3 seleccionar\u00e0 un grup i\/o fins a sis solistes i int\u00e8rprets de m\u00fasica andalusina amb propostes art\u00edstiques que siguen estil\u00edsticament coherents amb la tradici\u00f3 musical andalusina, utilitzant instruments tradicionals de la regi\u00f3 i un enfocament que respecte la seua riquesa cultural.<br>L\u2019objectiu del festival \u00e9s fomentar el coneixement i l\u2019apreciaci\u00f3 de les m\u00fasiques hist\u00f2riques i tradicionals, amb un \u00e8mfasi especial en la connexi\u00f3 entre les m\u00fasiques de l\u2019Edat Mitjana, el Renaixement i la tradici\u00f3 musical d\u2019Al-\u00c0ndalus.  <\/p>\n\n\n<style>.wp-block-kadence-advancedbtn.kb-btns1668_557edf-6f{gap:var(--global-kb-gap-xs, 0.5rem );justify-content:center;align-items:center;}.kt-btns1668_557edf-6f .kt-button{font-weight:normal;font-style:normal;}.kt-btns1668_557edf-6f .kt-btn-wrap-0{margin-right:5px;}.wp-block-kadence-advancedbtn.kt-btns1668_557edf-6f .kt-btn-wrap-0 .kt-button{color:#555555;border-color:#555555;}.wp-block-kadence-advancedbtn.kt-btns1668_557edf-6f .kt-btn-wrap-0 .kt-button:hover, .wp-block-kadence-advancedbtn.kt-btns1668_557edf-6f .kt-btn-wrap-0 .kt-button:focus{color:#ffffff;border-color:#444444;}.wp-block-kadence-advancedbtn.kt-btns1668_557edf-6f .kt-btn-wrap-0 .kt-button::before{display:none;}.wp-block-kadence-advancedbtn.kt-btns1668_557edf-6f .kt-btn-wrap-0 .kt-button:hover, .wp-block-kadence-advancedbtn.kt-btns1668_557edf-6f .kt-btn-wrap-0 .kt-button:focus{background:#444444;}<\/style>\n<div class=\"wp-block-kadence-advancedbtn kb-buttons-wrap kb-btns1668_557edf-6f\"><style>ul.menu .wp-block-kadence-advancedbtn .kb-btn1668_144189-19.kb-button{width:initial;}<\/style><a class=\"kb-button kt-button button kb-btn1668_144189-19 kt-btn-size-standard kt-btn-width-type-auto kb-btn-global-fill  kt-btn-has-text-true kt-btn-has-svg-false  wp-block-kadence-singlebtn\" href=\"https:\/\/earlymusicmorella.com\/wp-content\/uploads\/2025\/03\/BASES-ANDALUSI-FRINGE-FESTIVAL-EARLY-MUSIC-MORELLA-25.pdf\" rel=\"nofollow noopener\" target=\"_blank\"><span class=\"kt-btn-inner-text\"><a href=\"https:\/\/earlymusicmorella.com\/wp-content\/uploads\/2025\/03\/BASES-ANDALUSI-FRINGE-FESTIVAL-EARLY-MUSIC-MORELLA-25.pdf\" rel=\"nofollow noopener\" target=\"_blank\">BASES OPEN CALL M\u00daSICA ANDALUSINA 2025<\/a><\/span><\/a><\/div>\n\n\n\n<p><a href=\"https:\/\/earlymusicmorella.com\/wp-content\/uploads\/2025\/03\/BASES-ANDALUSI-FRINGE-FESTIVAL-EARLY-MUSIC-MORELLA-25.pdf\" rel=\"nofollow noopener\" target=\"_blank\"><\/a><br><\/p>\n\n\n\n<p>Despr\u00e9s del proc\u00e9s de selecci\u00f3, d&#8217;entre totes les sol\u00b7licituds rebudes, els alumnes seleccionats en l&#8217;edici\u00f3 2025 s\u00f3n:<\/p>\n\n\n\n<p><strong>Nom:<\/strong>&nbsp;Nada Aghrich<br><strong>Instrument:<\/strong>&nbsp;Cantant<br><strong>Lloc de naixement:<\/strong>&nbsp;Tetu\u00e1n, Marroc<\/p>\n\n\n\n<p><strong>Nom:<\/strong>&nbsp;Zakariyae Moufid<br><strong>Instrument:<\/strong>&nbsp;Cantant<br><strong>Lloc de naixement:<\/strong>&nbsp;Mekn\u00e8s, Marroc<\/p>\n\n\n\n<p><strong>Nom:<\/strong>&nbsp;Fahd Sanhaji<br><strong>Instrument:<\/strong>&nbsp;Lla\u00fct<br><strong>Lloc de naixement:<\/strong>&nbsp;Tetu\u00e1n, Marroc<\/p>\n\n\n\n<p><strong>Nom:<\/strong>&nbsp;Soulaiman El Aissaoui<br><strong>Instrument:<\/strong>&nbsp;Percussi\u00f3<br><strong>Lloc de naixement:<\/strong>&nbsp;Dar Bni Karrich, Tetu\u00e1n, Marroc<\/p>\n\n\n\n<p><strong>Nom:<\/strong>&nbsp;Saad El Merrouni<br><strong>Instrument:<\/strong>&nbsp;Viol\u00ed<br><strong>Lloc de naixement:<\/strong>&nbsp;Tetu\u00e1n, Marroc<\/p>\n","protected":false},"excerpt":{"rendered":"<p>OPEN CALL M\u00daSICA ANDALUSINA 2025 S\u2019obri el per\u00edode de presentaci\u00f3 de propostes per a formar part de la programaci\u00f3 de la XIV edici\u00f3 del Festival Early Music Morella, que se celebrar\u00e0 entre els dies 18 i 24 de juliol de 2025. La convocat\u00f2ria est\u00e0 dirigida a grups i\/o solistes de m\u00fasica andalusina, entesa com la&#8230;<\/p>\n","protected":false},"author":2,"featured_media":0,"parent":0,"menu_order":0,"comment_status":"closed","ping_status":"closed","template":"","meta":{"_kad_post_transparent":"","_kad_post_title":"","_kad_post_layout":"","_kad_post_sidebar_id":"","_kad_post_content_style":"","_kad_post_vertical_padding":"","_kad_post_feature":"","_kad_post_feature_position":"","_kad_post_header":false,"_kad_post_footer":false,"_kad_post_classname":"","footnotes":""},"class_list":["post-1668","page","type-page","status-publish","hentry"],"_links":{"self":[{"href":"https:\/\/culturalcdm.eu\/ca\/wp-json\/wp\/v2\/pages\/1668","targetHints":{"allow":["GET"]}}],"collection":[{"href":"https:\/\/culturalcdm.eu\/ca\/wp-json\/wp\/v2\/pages"}],"about":[{"href":"https:\/\/culturalcdm.eu\/ca\/wp-json\/wp\/v2\/types\/page"}],"author":[{"embeddable":true,"href":"https:\/\/culturalcdm.eu\/ca\/wp-json\/wp\/v2\/users\/2"}],"replies":[{"embeddable":true,"href":"https:\/\/culturalcdm.eu\/ca\/wp-json\/wp\/v2\/comments?post=1668"}],"version-history":[{"count":5,"href":"https:\/\/culturalcdm.eu\/ca\/wp-json\/wp\/v2\/pages\/1668\/revisions"}],"predecessor-version":[{"id":3184,"href":"https:\/\/culturalcdm.eu\/ca\/wp-json\/wp\/v2\/pages\/1668\/revisions\/3184"}],"wp:attachment":[{"href":"https:\/\/culturalcdm.eu\/ca\/wp-json\/wp\/v2\/media?parent=1668"}],"curies":[{"name":"wp","href":"https:\/\/api.w.org\/{rel}","templated":true}]}}