{"id":1876,"date":"2024-04-22T16:18:18","date_gmt":"2024-04-22T14:18:18","guid":{"rendered":"https:\/\/culturalcdm.eu\/hamus\/"},"modified":"2025-06-05T10:16:49","modified_gmt":"2025-06-05T08:16:49","slug":"hamus","status":"publish","type":"page","link":"https:\/\/culturalcdm.eu\/ca\/hamus\/","title":{"rendered":"HaMUS"},"content":{"rendered":"<style>.kb-image1876_95ee41-2e .kb-image-has-overlay:after{opacity:0.3;}<\/style>\n<figure class=\"wp-block-kadence-image kb-image1876_95ee41-2e alignfull size-large\"><img loading=\"lazy\" decoding=\"async\" width=\"1024\" height=\"341\" src=\"https:\/\/culturalcdm.eu\/wp-content\/uploads\/2024\/04\/sexeni-1024x341.jpg\" alt=\"\" class=\"kb-img wp-image-1887\" title=\"\" srcset=\"https:\/\/culturalcdm.eu\/wp-content\/uploads\/2024\/04\/sexeni-1024x341.jpg 1024w, https:\/\/culturalcdm.eu\/wp-content\/uploads\/2024\/04\/sexeni-300x100.jpg 300w, https:\/\/culturalcdm.eu\/wp-content\/uploads\/2024\/04\/sexeni.jpg 1500w\" sizes=\"auto, (max-width: 1024px) 100vw, 1024px\" \/><\/figure>\n\n\n\n<h5 class=\"wp-block-heading has-text-align-center\">II CONGR\u00c9S INTERNACIONAL HIST\u00d2RIA I M\u00daSICA<\/h5>\n\n\n\n<p class=\"has-text-align-center\">Morella<br>Del 18 al 21 de juliol de 2025<\/p>\n\n\n\n<p class=\"has-text-align-center\"><br><\/p>\n\n\n\n<p>La Fundaci\u00f3 Cultural CdM anuncia la celebraci\u00f3 del\u00a0<strong>II Congr\u00e9s Internacional Hist\u00f2ria i M\u00fasica<\/strong>, que reunir\u00e0 a la ciutat emmurallada de Morella a experts, int\u00e8rprets i amants de la m\u00fasica antiga per reflexionar al voltant d\u2019un dels manuscrits m\u00e9s fascinants de l\u2019Edat Mitjana: el\u00a0<em>Codex Buranus<\/em>. Al llarg dels dies del congr\u00e9s s\u2019exploraran les seues m\u00faltiples dimensions, des de la recuperaci\u00f3 sonora dels seus textos fins a l\u2019imaginari cultural que encabeix la seua poesia. Aquest congr\u00e9s \u00e9s una invitaci\u00f3 a redescobrir el passat sonor medieval des d\u2019una mirada interdisciplin\u00e0ria i vivencial.<\/p>\n\n\n\n<p class=\"has-text-align-left has-theme-palette-2-color has-text-color has-link-color has-medium-font-size wp-elements-8066f83daf1f555fc2bf8db4443065fa\"><strong>Totes les activitats s\u00f3n d&#8217;acc\u00e9s gratu\u00eft.<\/strong> <\/p>\n\n\n\n<p class=\"has-text-align-center\"><strong>Calendari d&#8217;activitats<\/strong><\/p>\n\n\n\n<div class=\"wp-block-group alignwide is-layout-constrained wp-block-group-is-layout-constrained\">\n<p class=\"has-text-align-left\"><strong>DIVENDRES 18 JULIOL<\/strong><br>17:00 Teatre Municipal<br>Recepci\u00f3 d\u2019assistents<\/p>\n\n\n\n<p>18:00 Teatre Municipal<br>Inauguraci\u00f3 i taula redona moderada per:&nbsp;<strong>Juan \u00c1ngel Vela del Campo<\/strong><br>Participants:&nbsp;<strong>Ana Faus<\/strong>&nbsp;(Subdirectora General de M\u00fasica de l\u2019INAEM),&nbsp;<strong>Pere Bonet<\/strong>&nbsp;(Festival de Pollen\u00e7a),&nbsp;<strong>Beatriz Traver<\/strong>&nbsp;(Directora de l\u2019IVC M\u00fasica) i&nbsp;<strong>Paolo Pinamonti<\/strong>&nbsp;(Festival de Granada)<\/p>\n\n\n\n<p>19:30 Llotja<br>Taller de dansa: \u00ab<em>Bureo<\/em>\u00bb<br>A c\u00e0rrec de:&nbsp;<strong>Toni Aparisi<\/strong><\/p>\n\n\n\n<p><strong>DISSABTE 19 JULIOL<\/strong><br>11:00 Sal\u00f3 G\u00f2tic<br><em>Masterclass<\/em>&nbsp;amb&nbsp;<strong>Paloma Guti\u00e9rrez del Arroyo<\/strong>. La sessi\u00f3 inclour\u00e0 una experi\u00e8ncia participativa de cant col\u00b7lectiu d\u2019alguns&nbsp;<em>carmina<\/em>.<\/p>\n\n\n\n<p>12:30 Sal\u00f3 G\u00f2tic<br><em>Masterclass<\/em>&nbsp;amb&nbsp;<strong>Carles Magraner<\/strong>&nbsp;sobre la recuperaci\u00f3 del patrimoni musical medieval<\/p>\n\n\n\n<p><strong>DIUMENGE 20 JULIOL<\/strong><br>17:30 Sal\u00f3 G\u00f2tic de l\u2019Ajuntament<br>Pon\u00e8ncia:&nbsp;<em>\u00abEl redescobriment musical del Codex Buranus\u00bb<\/em><br>A c\u00e0rrec de:&nbsp;<strong>Davide Daolmi<\/strong><\/p>\n\n\n\n<p>21:00 Teatre Municipal<br>Concert a c\u00e0rrec de:<br><strong>Capella de Ministrers<\/strong>&nbsp;|&nbsp;<strong>Carles Magraner<\/strong><\/p>\n\n\n\n<p><strong>DILLUNS 21 JULIOL<\/strong><br>17:30 Sal\u00f3 G\u00f2tic de l\u2019Ajuntament<br>Pon\u00e8ncia:&nbsp;<em>\u00abImaginari sonor recopilat en els Carmina Burana\u00bb<\/em><br>A c\u00e0rrec de:&nbsp;<strong>Paloma Guti\u00e9rrez del Arroyo<\/strong><\/p>\n\n\n\n<p class=\"has-text-align-left\">22:30 Porta de la pla\u00e7a de bous<br>Visita nocturna al castell<br>A c\u00e0rrec de:&nbsp;<strong>Carlos Sang\u00fcesa<\/strong>, historiador i director dels museus de Morella<br><\/p>\n\n\n\n<hr class=\"wp-block-separator has-alpha-channel-opacity\"\/>\n<\/div>\n\n\n\n<p class=\"has-text-align-center\">Congr\u00e9s subvencionat pel Patronat Provincial de Turisme de Castell\u00f3<\/p>\n\n\n\n<figure class=\"wp-block-image aligncenter size-full is-resized\"><img loading=\"lazy\" decoding=\"async\" width=\"640\" height=\"81\" src=\"https:\/\/culturalcdm.eu\/wp-content\/uploads\/2024\/09\/Logo-Asociado-Diputacion-y-Marca-Turistica.jpeg\" alt=\"\" class=\"wp-image-2377\" style=\"width:757px;height:auto\" title=\"\" srcset=\"https:\/\/culturalcdm.eu\/wp-content\/uploads\/2024\/09\/Logo-Asociado-Diputacion-y-Marca-Turistica.jpeg 640w, https:\/\/culturalcdm.eu\/wp-content\/uploads\/2024\/09\/Logo-Asociado-Diputacion-y-Marca-Turistica-300x38.jpeg 300w\" sizes=\"auto, (max-width: 640px) 100vw, 640px\" \/><\/figure>\n\n\n\n<p class=\"has-text-align-center\">i per l&#8217;Institut Valenci\u00e0 de Cultura<\/p>\n\n\n\n<figure class=\"wp-block-image aligncenter size-full is-resized\"><img loading=\"lazy\" decoding=\"async\" width=\"137\" height=\"61\" src=\"https:\/\/culturalcdm.eu\/wp-content\/uploads\/2024\/09\/Logo-IVC.png\" alt=\"\" class=\"wp-image-2398\" style=\"width:223px;height:auto\" title=\"\"><\/figure>\n\n\n\n<p><\/p>\n","protected":false},"excerpt":{"rendered":"<p>II CONGR\u00c9S INTERNACIONAL HIST\u00d2RIA I M\u00daSICA MorellaDel 18 al 21 de juliol de 2025 La Fundaci\u00f3 Cultural CdM anuncia la celebraci\u00f3 del\u00a0II Congr\u00e9s Internacional Hist\u00f2ria i M\u00fasica, que reunir\u00e0 a la ciutat emmurallada de Morella a experts, int\u00e8rprets i amants de la m\u00fasica antiga per reflexionar al voltant d\u2019un dels manuscrits m\u00e9s fascinants de l\u2019Edat&#8230;<\/p>\n","protected":false},"author":2,"featured_media":1888,"parent":0,"menu_order":0,"comment_status":"closed","ping_status":"closed","template":"","meta":{"_kad_post_transparent":"","_kad_post_title":"","_kad_post_layout":"","_kad_post_sidebar_id":"","_kad_post_content_style":"","_kad_post_vertical_padding":"","_kad_post_feature":"","_kad_post_feature_position":"","_kad_post_header":false,"_kad_post_footer":false,"_kad_post_classname":"","footnotes":""},"class_list":["post-1876","page","type-page","status-publish","has-post-thumbnail","hentry"],"_links":{"self":[{"href":"https:\/\/culturalcdm.eu\/ca\/wp-json\/wp\/v2\/pages\/1876","targetHints":{"allow":["GET"]}}],"collection":[{"href":"https:\/\/culturalcdm.eu\/ca\/wp-json\/wp\/v2\/pages"}],"about":[{"href":"https:\/\/culturalcdm.eu\/ca\/wp-json\/wp\/v2\/types\/page"}],"author":[{"embeddable":true,"href":"https:\/\/culturalcdm.eu\/ca\/wp-json\/wp\/v2\/users\/2"}],"replies":[{"embeddable":true,"href":"https:\/\/culturalcdm.eu\/ca\/wp-json\/wp\/v2\/comments?post=1876"}],"version-history":[{"count":5,"href":"https:\/\/culturalcdm.eu\/ca\/wp-json\/wp\/v2\/pages\/1876\/revisions"}],"predecessor-version":[{"id":3109,"href":"https:\/\/culturalcdm.eu\/ca\/wp-json\/wp\/v2\/pages\/1876\/revisions\/3109"}],"wp:featuredmedia":[{"embeddable":true,"href":"https:\/\/culturalcdm.eu\/ca\/wp-json\/wp\/v2\/media\/1888"}],"wp:attachment":[{"href":"https:\/\/culturalcdm.eu\/ca\/wp-json\/wp\/v2\/media?parent=1876"}],"curies":[{"name":"wp","href":"https:\/\/api.w.org\/{rel}","templated":true}]}}