{"id":2069,"date":"2025-05-13T15:27:17","date_gmt":"2025-05-13T13:27:17","guid":{"rendered":"https:\/\/culturalcdm.eu\/taller-uimp-cuenca-2024\/"},"modified":"2026-05-04T16:01:17","modified_gmt":"2026-05-04T14:01:17","slug":"taller-uimp-cuenca-2024","status":"publish","type":"page","link":"https:\/\/culturalcdm.eu\/ca\/taller-uimp-cuenca-2024\/","title":{"rendered":"Curs UIMP"},"content":{"rendered":"\n<div style=\"height:34px\" aria-hidden=\"true\" class=\"wp-block-spacer\"><\/div>\n\n\n\n<h1 class=\"wp-block-heading has-text-align-center\">CURSOS DE M\u00daSICA ANTIGA EN COLABORACI\u00d3 AMB UIMP<\/h1>\n\n\n\n<hr class=\"wp-block-separator has-text-color has-theme-palette-5-color has-alpha-channel-opacity has-theme-palette-5-background-color has-background is-style-wide\"\/>\n\n\n\n<div class=\"wp-block-columns is-layout-flex wp-container-core-columns-is-layout-9d6595d7 wp-block-columns-is-layout-flex\">\n<div class=\"wp-block-column is-layout-flow wp-block-column-is-layout-flow\" style=\"flex-basis:66.66%\">\n<p>La Fundaci\u00f3 Cultural CdM i la Universitat Internacional Men\u00e9ndez Pelayo (UIMP) han establit una col\u00b7laboraci\u00f3 per oferir cursos especialitzats en m\u00fasica antiga. Aquests programes intensius estan dissenyats per a cantants i instrumentistes interessats en la m\u00fasica medieval, proporcionant una immersi\u00f3 profunda en repertoris hist\u00f2rics.<br>A m\u00e9s de la formaci\u00f3 te\u00f2rica, els cursos inclouen activitats pr\u00e0ctiques que permeten a l\u2019alumnat treballar directament amb m\u00fasics experts de la Capella de Ministrers, facilitant una comprensi\u00f3 m\u00e9s profunda de les t\u00e8cniques interpretatives de l\u2019\u00e8poca.  La col\u00b7laboraci\u00f3 entre la UIMP i la Fundaci\u00f3 Cultural CdM ofereix una plataforma \u00fanica per a la difusi\u00f3 i l&#8217;estudi de la m\u00fasica antiga, contribuint a l&#8217;enriquiment cultural i acad\u00e8mic dels participants.<\/p>\n\n\n\n<h2 class=\"wp-block-heading has-text-align-center has-theme-palette-9-color has-theme-palette-4-background-color has-text-color has-background has-link-color has-medium-font-size wp-elements-15c80c24d6ee591da53e4179f102c7d2\">Cursos 2026<\/h2>\n\n\n\n<div class=\"wp-block-columns is-layout-flex wp-container-core-columns-is-layout-9d6595d7 wp-block-columns-is-layout-flex\">\n<div class=\"wp-block-column is-layout-flow wp-block-column-is-layout-flow\"><style>.kt-accordion-id2069_054601-e6 .kt-accordion-inner-wrap{column-gap:var(--global-kb-gap-md, 2rem);row-gap:10px;}.kt-accordion-id2069_054601-e6 .kt-accordion-panel-inner{border-top:0px solid transparent;border-right:0px solid transparent;border-bottom:0px solid transparent;border-left:0px solid transparent;background:#ffffff;padding-top:var(--global-kb-spacing-sm, 1.5rem);padding-right:var(--global-kb-spacing-sm, 1.5rem);padding-bottom:var(--global-kb-spacing-sm, 1.5rem);padding-left:var(--global-kb-spacing-sm, 1.5rem);}.kt-accordion-id2069_054601-e6 > .kt-accordion-inner-wrap > .wp-block-kadence-pane > .kt-accordion-header-wrap > .kt-blocks-accordion-header{border-top:0px solid #f2f2f2;border-right:0px solid #f2f2f2;border-bottom:0px solid #f2f2f2;border-left:0px solid #f2f2f2;border-top-left-radius:6px;border-top-right-radius:6px;border-bottom-right-radius:6px;border-bottom-left-radius:6px;background:#f2f2f2;color:#555555;padding-top:14px;padding-right:16px;padding-bottom:14px;padding-left:16px;}.kt-accordion-id2069_054601-e6:not( .kt-accodion-icon-style-basiccircle ):not( .kt-accodion-icon-style-xclosecircle ):not( .kt-accodion-icon-style-arrowcircle )  > .kt-accordion-inner-wrap > .wp-block-kadence-pane > .kt-accordion-header-wrap .kt-blocks-accordion-icon-trigger:after, .kt-accordion-id2069_054601-e6:not( .kt-accodion-icon-style-basiccircle ):not( .kt-accodion-icon-style-xclosecircle ):not( .kt-accodion-icon-style-arrowcircle )  > .kt-accordion-inner-wrap > .wp-block-kadence-pane > .kt-accordion-header-wrap .kt-blocks-accordion-icon-trigger:before{background:#555555;}.kt-accordion-id2069_054601-e6:not( .kt-accodion-icon-style-basic ):not( .kt-accodion-icon-style-xclose ):not( .kt-accodion-icon-style-arrow ) .kt-blocks-accordion-icon-trigger{background:#555555;}.kt-accordion-id2069_054601-e6:not( .kt-accodion-icon-style-basic ):not( .kt-accodion-icon-style-xclose ):not( .kt-accodion-icon-style-arrow ) .kt-blocks-accordion-icon-trigger:after, .kt-accordion-id2069_054601-e6:not( .kt-accodion-icon-style-basic ):not( .kt-accodion-icon-style-xclose ):not( .kt-accodion-icon-style-arrow ) .kt-blocks-accordion-icon-trigger:before{background:#f2f2f2;}.kt-accordion-id2069_054601-e6 > .kt-accordion-inner-wrap > .wp-block-kadence-pane > .kt-accordion-header-wrap > .kt-blocks-accordion-header:hover, \n\t\t\t\tbody:not(.hide-focus-outline) .kt-accordion-id2069_054601-e6 .kt-blocks-accordion-header:focus-visible{color:#444444;background:#eeeeee;border-top-color:#eeeeee;border-top-style:solid;border-right-color:#eeeeee;border-right-style:solid;border-bottom-color:#eeeeee;border-bottom-style:solid;border-left-color:#eeeeee;border-left-style:solid;}.kt-accordion-id2069_054601-e6:not( .kt-accodion-icon-style-basiccircle ):not( .kt-accodion-icon-style-xclosecircle ):not( .kt-accodion-icon-style-arrowcircle ) .kt-accordion-header-wrap .kt-blocks-accordion-header:hover .kt-blocks-accordion-icon-trigger:after, .kt-accordion-id2069_054601-e6:not( .kt-accodion-icon-style-basiccircle ):not( .kt-accodion-icon-style-xclosecircle ):not( .kt-accodion-icon-style-arrowcircle ) .kt-accordion-header-wrap .kt-blocks-accordion-header:hover .kt-blocks-accordion-icon-trigger:before, body:not(.hide-focus-outline) .kt-accordion-id2069_054601-e6:not( .kt-accodion-icon-style-basiccircle ):not( .kt-accodion-icon-style-xclosecircle ):not( .kt-accodion-icon-style-arrowcircle ) .kt-blocks-accordion--visible .kt-blocks-accordion-icon-trigger:after, body:not(.hide-focus-outline) .kt-accordion-id2069_054601-e6:not( .kt-accodion-icon-style-basiccircle ):not( .kt-accodion-icon-style-xclosecircle ):not( .kt-accodion-icon-style-arrowcircle ) .kt-blocks-accordion-header:focus-visible .kt-blocks-accordion-icon-trigger:before{background:#444444;}.kt-accordion-id2069_054601-e6:not( .kt-accodion-icon-style-basic ):not( .kt-accodion-icon-style-xclose ):not( .kt-accodion-icon-style-arrow ) .kt-accordion-header-wrap .kt-blocks-accordion-header:hover .kt-blocks-accordion-icon-trigger, body:not(.hide-focus-outline) .kt-accordion-id2069_054601-e6:not( .kt-accodion-icon-style-basic ):not( .kt-accodion-icon-style-xclose ):not( .kt-accodion-icon-style-arrow ) .kt-accordion-header-wrap .kt-blocks-accordion-header:focus-visible .kt-blocks-accordion-icon-trigger{background:#444444;}.kt-accordion-id2069_054601-e6:not( .kt-accodion-icon-style-basic ):not( .kt-accodion-icon-style-xclose ):not( .kt-accodion-icon-style-arrow ) .kt-accordion-header-wrap .kt-blocks-accordion-header:hover .kt-blocks-accordion-icon-trigger:after, .kt-accordion-id2069_054601-e6:not( .kt-accodion-icon-style-basic ):not( .kt-accodion-icon-style-xclose ):not( .kt-accodion-icon-style-arrow ) .kt-accordion-header-wrap .kt-blocks-accordion-header:hover .kt-blocks-accordion-icon-trigger:before, body:not(.hide-focus-outline) .kt-accordion-id2069_054601-e6:not( .kt-accodion-icon-style-basic ):not( .kt-accodion-icon-style-xclose ):not( .kt-accodion-icon-style-arrow ) .kt-accordion-header-wrap .kt-blocks-accordion-header:focus-visible .kt-blocks-accordion-icon-trigger:after, body:not(.hide-focus-outline) .kt-accordion-id2069_054601-e6:not( .kt-accodion-icon-style-basic ):not( .kt-accodion-icon-style-xclose ):not( .kt-accodion-icon-style-arrow ) .kt-accordion-header-wrap .kt-blocks-accordion-header:focus-visible .kt-blocks-accordion-icon-trigger:before{background:#eeeeee;}.kt-accordion-id2069_054601-e6 .kt-accordion-header-wrap .kt-blocks-accordion-header:focus-visible,\n\t\t\t\t.kt-accordion-id2069_054601-e6 > .kt-accordion-inner-wrap > .wp-block-kadence-pane > .kt-accordion-header-wrap > .kt-blocks-accordion-header.kt-accordion-panel-active{color:#ffffff;background:var(--global-palette4, #2D3748);border-top-color:#BE530B;border-top-style:solid;border-right-color:#BE530B;border-right-style:solid;border-bottom-color:#BE530B;border-bottom-style:solid;border-left-color:#BE530B;border-left-style:solid;}.kt-accordion-id2069_054601-e6:not( .kt-accodion-icon-style-basiccircle ):not( .kt-accodion-icon-style-xclosecircle ):not( .kt-accodion-icon-style-arrowcircle )  > .kt-accordion-inner-wrap > .wp-block-kadence-pane > .kt-accordion-header-wrap > .kt-blocks-accordion-header.kt-accordion-panel-active .kt-blocks-accordion-icon-trigger:after, .kt-accordion-id2069_054601-e6:not( .kt-accodion-icon-style-basiccircle ):not( .kt-accodion-icon-style-xclosecircle ):not( .kt-accodion-icon-style-arrowcircle )  > .kt-accordion-inner-wrap > .wp-block-kadence-pane > .kt-accordion-header-wrap > .kt-blocks-accordion-header.kt-accordion-panel-active .kt-blocks-accordion-icon-trigger:before{background:#ffffff;}.kt-accordion-id2069_054601-e6:not( .kt-accodion-icon-style-basic ):not( .kt-accodion-icon-style-xclose ):not( .kt-accodion-icon-style-arrow ) .kt-blocks-accordion-header.kt-accordion-panel-active .kt-blocks-accordion-icon-trigger{background:#ffffff;}.kt-accordion-id2069_054601-e6:not( .kt-accodion-icon-style-basic ):not( .kt-accodion-icon-style-xclose ):not( .kt-accodion-icon-style-arrow ) .kt-blocks-accordion-header.kt-accordion-panel-active .kt-blocks-accordion-icon-trigger:after, .kt-accordion-id2069_054601-e6:not( .kt-accodion-icon-style-basic ):not( .kt-accodion-icon-style-xclose ):not( .kt-accodion-icon-style-arrow ) .kt-blocks-accordion-header.kt-accordion-panel-active .kt-blocks-accordion-icon-trigger:before{background:var(--global-palette4, #2D3748);}@media all and (max-width: 1024px){.kt-accordion-id2069_054601-e6 .kt-accordion-panel-inner{border-top:0px solid transparent;border-right:0px solid transparent;border-bottom:0px solid transparent;border-left:0px solid transparent;}}@media all and (max-width: 1024px){.kt-accordion-id2069_054601-e6 > .kt-accordion-inner-wrap > .wp-block-kadence-pane > .kt-accordion-header-wrap > .kt-blocks-accordion-header{border-top:0px solid #f2f2f2;border-right:0px solid #f2f2f2;border-bottom:0px solid #f2f2f2;border-left:0px solid #f2f2f2;}}@media all and (max-width: 1024px){.kt-accordion-id2069_054601-e6 > .kt-accordion-inner-wrap > .wp-block-kadence-pane > .kt-accordion-header-wrap > .kt-blocks-accordion-header:hover, \n\t\t\t\tbody:not(.hide-focus-outline) .kt-accordion-id2069_054601-e6 .kt-blocks-accordion-header:focus-visible{border-top-color:#eeeeee;border-top-style:solid;border-right-color:#eeeeee;border-right-style:solid;border-bottom-color:#eeeeee;border-bottom-style:solid;border-left-color:#eeeeee;border-left-style:solid;}}@media all and (max-width: 1024px){.kt-accordion-id2069_054601-e6 .kt-accordion-header-wrap .kt-blocks-accordion-header:focus-visible,\n\t\t\t\t.kt-accordion-id2069_054601-e6 > .kt-accordion-inner-wrap > .wp-block-kadence-pane > .kt-accordion-header-wrap > .kt-blocks-accordion-header.kt-accordion-panel-active{border-top-color:#BE530B;border-top-style:solid;border-right-color:#BE530B;border-right-style:solid;border-bottom-color:#BE530B;border-bottom-style:solid;border-left-color:#BE530B;border-left-style:solid;}}@media all and (max-width: 767px){.kt-accordion-id2069_054601-e6 .kt-accordion-inner-wrap{display:block;}.kt-accordion-id2069_054601-e6 .kt-accordion-inner-wrap .kt-accordion-pane:not(:first-child){margin-top:10px;}.kt-accordion-id2069_054601-e6 .kt-accordion-panel-inner{border-top:0px solid transparent;border-right:0px solid transparent;border-bottom:0px solid transparent;border-left:0px solid transparent;}.kt-accordion-id2069_054601-e6 > .kt-accordion-inner-wrap > .wp-block-kadence-pane > .kt-accordion-header-wrap > .kt-blocks-accordion-header{border-top:0px solid #f2f2f2;border-right:0px solid #f2f2f2;border-bottom:0px solid #f2f2f2;border-left:0px solid #f2f2f2;}.kt-accordion-id2069_054601-e6 > .kt-accordion-inner-wrap > .wp-block-kadence-pane > .kt-accordion-header-wrap > .kt-blocks-accordion-header:hover, \n\t\t\t\tbody:not(.hide-focus-outline) .kt-accordion-id2069_054601-e6 .kt-blocks-accordion-header:focus-visible{border-top-color:#eeeeee;border-top-style:solid;border-right-color:#eeeeee;border-right-style:solid;border-bottom-color:#eeeeee;border-bottom-style:solid;border-left-color:#eeeeee;border-left-style:solid;}.kt-accordion-id2069_054601-e6 .kt-accordion-header-wrap .kt-blocks-accordion-header:focus-visible,\n\t\t\t\t.kt-accordion-id2069_054601-e6 > .kt-accordion-inner-wrap > .wp-block-kadence-pane > .kt-accordion-header-wrap > .kt-blocks-accordion-header.kt-accordion-panel-active{border-top-color:#BE530B;border-top-style:solid;border-right-color:#BE530B;border-right-style:solid;border-bottom-color:#BE530B;border-bottom-style:solid;border-left-color:#BE530B;border-left-style:solid;}}<\/style>\n<div class=\"wp-block-kadence-accordion alignnone\"><div class=\"kt-accordion-wrap kt-accordion-id2069_054601-e6 kt-accordion-has-2-panes kt-active-pane-0 kt-accordion-block kt-pane-header-alignment-left kt-accodion-icon-style-basic kt-accodion-icon-side-right\" style=\"max-width:none\"><div class=\"kt-accordion-inner-wrap\" data-allow-multiple-open=\"false\" data-start-open=\"none\">\n<div class=\"wp-block-kadence-pane kt-accordion-pane kt-accordion-pane-2 kt-pane2069_1b3d77-70\"><div class=\"kt-accordion-header-wrap\"><button class=\"kt-blocks-accordion-header kt-acccordion-button-label-show\" type=\"button\"><span class=\"kt-blocks-accordion-title-wrap\"><span class=\"kt-blocks-accordion-title\">UIMP CUENCA<br>4 al 7 de novembre 2026<br><br><strong>MEMBRA JESU NOSTRI \u00b7 BUXTEHUDE<\/strong><\/span><\/span><span class=\"kt-blocks-accordion-icon-trigger\"><\/span><\/button><\/div><div class=\"kt-accordion-panel kt-accordion-panel-hidden\"><div class=\"kt-accordion-panel-inner\">\n<p><br><strong><em>MEMBRA JESU NOSTRI<\/em><\/strong><br><strong><em>Dietrich Buxtehude<\/em><\/strong><br>UIMP Conca \/ 4 al 7 novembre 2026<\/p>\n\n\n\n<p>Director: Carles Magraner <br>(M\u00fasic, director de Capella de Ministrers y Doctor en M\u00fasica)<\/p>\n\n\n\n<p>Dirigit a cantants e instrumentistes. En concret: <\/p>\n\n\n\n<p>2 sopranos, alto, tenor, baix, 2 violins barrocs, viola da gamba, orgue, tiorba i harpa<br><br><strong>La Fundaci\u00f3n CdM ofereix 12 ajudes per al curs<\/strong><\/p>\n\n\n\n<p>Les ajudes inclouen la matr\u00edcula del curs i les despeses de secretaria. Per a la sol\u00b7licitud de beca, els candidats hauran d\u2019enviar un breu resum de la seua traject\u00f2ria musical i un v\u00eddeo o mp3 d\u2019un m\u00e0xim de 5 minuts perqu\u00e8 siga valorat per la direcci\u00f3 acad\u00e8mica del curs a l\u2019adre\u00e7a d\u2019alumnes de la UIMP.<\/p>\n\n\n\n<p>Les persones interessades han d\u2019enviar les sol\u00b7licituds a l\u2019adre\u00e7a de correu electr\u00f2nic&nbsp;<a>convocatories.cdm@gmail.com<\/a>abans de l\u20191 d\u2019octubre de 2026, incloent la mateixa informaci\u00f3:<\/p>\n\n\n\n<ol class=\"wp-block-list\">\n<li>Carta de motivaci\u00f3<\/li>\n\n\n\n<li>Breu resum de la traject\u00f2ria musical<\/li>\n\n\n\n<li>Gravaci\u00f3 en v\u00eddeo o mp3 interpretant m\u00fasica medieval, renaixentista o del barroc primerenc.<\/li>\n<\/ol>\n\n\n\n<p>S\u2019informar\u00e0 individualment de la resoluci\u00f3. Les sol\u00b7licituds que no incloguen tota la documentaci\u00f3 requerida seran desestimades.<\/p>\n\n\n\n<div class=\"wp-block-buttons is-layout-flex wp-block-buttons-is-layout-flex\">\n<div class=\"wp-block-button\"><a class=\"wp-block-button__link wp-element-button\" href=\"<!--[CDATA[mailto:convocatories.cdm@gmail.com]]--&gt;\">Informaci\u00f3 y matr\u00edcula<\/a><\/div>\n<\/div>\n\n\n\n<hr class=\"wp-block-separator has-alpha-channel-opacity\"\/>\n\n\n\n<p><br><br><strong>P\u00fablic<\/strong> <strong>Objectiu<\/strong><br>Dirigit a int\u00e8rprets de m\u00fasica antiga que vulguen aprofundir en el repertori barroc i treballar de manera pr\u00e0ctica i te\u00f2rica. Especialment adre\u00e7at a cantants, instrumentistes, music\u00f2legs, etc.<br><\/p>\n\n\n\n<p><strong>Objectius<\/strong><br>Durant el curs es treballar\u00e0 repertori del barroc primerenc alemany, en concret el&nbsp;<em>Membra Jesu Nostri<\/em>&nbsp;de Buxtehude. Sis sessions teoricopr\u00e0ctiques que es completaran amb un concert junt amb Capella de Ministrers. El professorat, a m\u00e9s de considerar q\u00fcestions hist\u00f2riques, t\u00e8cniques i musicals, treballar\u00e0 amb l\u2019alumnat la pr\u00e0ctica musical de cadascuna d\u2019aquestes m\u00fasiques.<\/p>\n\n\n\n<p><strong>Metodologia i diseny<\/strong><br>El programa s\u2019organitza en sis sessions teoricopr\u00e0ctiques dirigides per Carles Magraner amb la col\u00b7laboraci\u00f3 dels m\u00fasics de Capella de Ministrers Robert Cases i Joan Boronat. El programa es completa amb un concert junt amb Capella de Ministrers amb el repertori treballat durant el curs.<\/p>\n\n\n\n<p><strong>Asistents a la direcci\u00f3:<\/strong><br>Robert Cases \/ tiorba<br>Joan Boronat \/ \u00f3rgano<\/p>\n<\/div><\/div><\/div>\n<\/div><\/div><\/div>\n<\/div>\n<\/div>\n<\/div>\n\n\n\n<div class=\"wp-block-column is-layout-flow wp-block-column-is-layout-flow\" style=\"flex-basis:20%\">\n<figure class=\"wp-block-image size-large\"><img loading=\"lazy\" decoding=\"async\" width=\"574\" height=\"1024\" src=\"https:\/\/culturalcdm.eu\/wp-content\/uploads\/2026\/05\/Jesu_Nostri-574x1024.jpg\" alt=\"\" class=\"wp-image-3668\" title=\"\" srcset=\"https:\/\/culturalcdm.eu\/wp-content\/uploads\/2026\/05\/Jesu_Nostri-574x1024.jpg 574w, https:\/\/culturalcdm.eu\/wp-content\/uploads\/2026\/05\/Jesu_Nostri-168x300.jpg 168w, https:\/\/culturalcdm.eu\/wp-content\/uploads\/2026\/05\/Jesu_Nostri-862x1536.jpg 862w, https:\/\/culturalcdm.eu\/wp-content\/uploads\/2026\/05\/Jesu_Nostri-1149x2048.jpg 1149w, https:\/\/culturalcdm.eu\/wp-content\/uploads\/2026\/05\/Jesu_Nostri.jpg 1400w\" sizes=\"auto, (max-width: 574px) 100vw, 574px\" \/><\/figure>\n\n\n\n<p class=\"has-text-align-right\"><strong>Director del curs<\/strong>: Carles Magraner<br><br><strong>Secretaria<\/strong>: In\u00e9s Mart\u00ednez Gonz\u00e1lez<br>fundacio@culturalcdm.eu \/ 672 220 090\u202c<\/p>\n<\/div>\n<\/div>\n\n\n\n<p><\/p>\n","protected":false},"excerpt":{"rendered":"<p>CURSOS DE M\u00daSICA ANTIGA EN COLABORACI\u00d3 AMB UIMP La Fundaci\u00f3 Cultural CdM i la Universitat Internacional Men\u00e9ndez Pelayo (UIMP) han establit una col\u00b7laboraci\u00f3 per oferir cursos especialitzats en m\u00fasica antiga. Aquests programes intensius estan dissenyats per a cantants i instrumentistes interessats en la m\u00fasica medieval, proporcionant una immersi\u00f3 profunda en repertoris hist\u00f2rics.A m\u00e9s de la&#8230;<\/p>\n","protected":false},"author":2,"featured_media":0,"parent":0,"menu_order":0,"comment_status":"closed","ping_status":"closed","template":"","meta":{"_kad_post_transparent":"","_kad_post_title":"","_kad_post_layout":"","_kad_post_sidebar_id":"","_kad_post_content_style":"","_kad_post_vertical_padding":"","_kad_post_feature":"","_kad_post_feature_position":"","_kad_post_header":false,"_kad_post_footer":false,"_kad_post_classname":"","footnotes":""},"class_list":["post-2069","page","type-page","status-publish","hentry"],"_links":{"self":[{"href":"https:\/\/culturalcdm.eu\/ca\/wp-json\/wp\/v2\/pages\/2069","targetHints":{"allow":["GET"]}}],"collection":[{"href":"https:\/\/culturalcdm.eu\/ca\/wp-json\/wp\/v2\/pages"}],"about":[{"href":"https:\/\/culturalcdm.eu\/ca\/wp-json\/wp\/v2\/types\/page"}],"author":[{"embeddable":true,"href":"https:\/\/culturalcdm.eu\/ca\/wp-json\/wp\/v2\/users\/2"}],"replies":[{"embeddable":true,"href":"https:\/\/culturalcdm.eu\/ca\/wp-json\/wp\/v2\/comments?post=2069"}],"version-history":[{"count":5,"href":"https:\/\/culturalcdm.eu\/ca\/wp-json\/wp\/v2\/pages\/2069\/revisions"}],"predecessor-version":[{"id":3686,"href":"https:\/\/culturalcdm.eu\/ca\/wp-json\/wp\/v2\/pages\/2069\/revisions\/3686"}],"wp:attachment":[{"href":"https:\/\/culturalcdm.eu\/ca\/wp-json\/wp\/v2\/media?parent=2069"}],"curies":[{"name":"wp","href":"https:\/\/api.w.org\/{rel}","templated":true}]}}