{"id":2306,"date":"2024-08-02T13:14:51","date_gmt":"2024-08-02T11:14:51","guid":{"rendered":"https:\/\/culturalcdm.eu\/300-orgue-turull\/"},"modified":"2024-09-30T12:44:56","modified_gmt":"2024-09-30T10:44:56","slug":"300-orgue-turull","status":"publish","type":"page","link":"https:\/\/culturalcdm.eu\/ca\/300-orgue-turull\/","title":{"rendered":"300 orgue Turull"},"content":{"rendered":"\n<div style=\"height:31px\" aria-hidden=\"true\" class=\"wp-block-spacer\"><\/div>\n\n<figure class=\"wp-block-image aligncenter size-large is-resized\"><img loading=\"lazy\" decoding=\"async\" width=\"1024\" height=\"610\" src=\"https:\/\/culturalcdm.eu\/wp-content\/uploads\/2024\/06\/logo_orgue-1024x610.png\" alt=\"\" class=\"wp-image-2144\" style=\"width:216px;height:auto\" title=\"\" srcset=\"https:\/\/culturalcdm.eu\/wp-content\/uploads\/2024\/06\/logo_orgue-1024x610.png 1024w, https:\/\/culturalcdm.eu\/wp-content\/uploads\/2024\/06\/logo_orgue-300x179.png 300w, https:\/\/culturalcdm.eu\/wp-content\/uploads\/2024\/06\/logo_orgue.png 1416w\" sizes=\"auto, (max-width: 1024px) 100vw, 1024px\" \/><\/figure>\n\n<p class=\"has-text-align-center\"><strong>Del 3 al 6 d&#8217;octubre de 2024<\/strong><\/p>\n\n<div class=\"wp-block-columns is-layout-flex wp-container-core-columns-is-layout-9d6595d7 wp-block-columns-is-layout-flex\">\n<div class=\"wp-block-column is-layout-flow wp-block-column-is-layout-flow\" style=\"flex-basis:66.66%\">\n<p>Constru\u00eft per Francisco Turull, entre 1717, any de l&#8217;enc\u00e0rrec, i 1724, any de lliurament. El 1964, l\u2019organer Gabriel Blancafort va trobar al fons del secret major la inscripci\u00f3 <em>Franciscus Turull me fecit, anno 1719<\/em>. L\u2019orgue est\u00e0 situat junt al cor, entre les dues primeres columnes de la nau esquerra. La caixa barroca \u00e9s obra de l\u2019escultor Vicente Dols; sobre la cornisa hi ha tres seccions de tubs can\u00f2nics. L\u2019orgue amb so consta de dos cossos: el primer correspon a l\u2019orgue major i ocupa la part principal de la fa\u00e7ana; el segon correspon a l\u2019orgue en cadereta, situat darrere del suport de l\u2019organista, els tubs del qual estaven coberts per uns olis. Actualment, \u00e9s de transmissi\u00f3 mec\u00e0nica i consta de 3.645 tubs. Es considera l\u2019orgue hist\u00f2ric m\u00e9s important de la Comunitat Valenciana.     <\/p>\n\n\n\n<p>Amb motiu del 300 aniversari de la construcci\u00f3 de l\u2019orgue de Turull de Morella, considerat l\u2019orgue hist\u00f2ric m\u00e9s important de la Comunitat Valenciana, es presenta una programaci\u00f3 especialment dissenyada per acostar al p\u00fablic els secrets d\u2019aquest singular instrument. L\u2019esdeveniment, que es desenvolupar\u00e0 durant tres dies, comptar\u00e0 amb confer\u00e8ncies, concerts, activitats did\u00e0ctiques i visites guiades en la seva programaci\u00f3.<br\/>Les confer\u00e8ncies, obertes a tots els p\u00fablics, tractaran la documentaci\u00f3 des d\u2019un punt de vista t\u00e8cnic, est\u00e8tic i organol\u00f2gic; les caracter\u00edstiques, evoluci\u00f3 i estat actual de l\u2019instrument; i la contextualitzaci\u00f3 de l\u2019entorn hist\u00f2ric-musical (organistes, documents d\u2019oposici\u00f3 i obres escrites expressament per a aquest instrument al llarg dels anys de funcionament). A m\u00e9s, es oferiran concerts d\u2019orgue a c\u00e0rrec d\u2019organistes valencians de reconegut prestigi, visites guiades i activitats did\u00e0ctiques orientades a donar a con\u00e8ixer l\u2019instrument als m\u00e9s menuts.<br\/>Les confer\u00e8ncies es realitzaran als salons g\u00f2tics de l\u2019Ajuntament de Morella, dotats amb els mitjans necessaris, i els concerts tindran lloc a l\u2019esgl\u00e9sia Arciprestal de Santa Maria. Les visites guiades permetran a tots els ve\u00efns acostar-se als misteris d\u2019aquest magn\u00edfic instrument, i els nens tamb\u00e9 podran veure el funcionament d\u2019un instrument d\u2019aquestes caracter\u00edstiques, tot aix\u00f2 dirigit per organistes i organers especialistes en la mat\u00e8ria.     <\/p>\n<\/div>\n\n\n\n<div class=\"wp-block-column is-layout-flow wp-block-column-is-layout-flow\" style=\"flex-basis:33.33%\">\n<figure class=\"wp-block-image size-large\"><a href=\"https:\/\/culturalcdm.eu\/wp-content\/uploads\/2024\/09\/OrgueTurull-1-e1726648581235.png\"><img decoding=\"async\" src=\"https:\/\/culturalcdm.eu\/wp-content\/uploads\/2024\/09\/OrgueTurull-1-723x1024.png\" alt=\"\" class=\"wp-image-2340\" title=\"\"><\/a><\/figure>\n\n\n\n<div class=\"wp-block-buttons is-layout-flex wp-block-buttons-is-layout-flex\">\n<div class=\"wp-block-button\"><a class=\"wp-block-button__link wp-element-button\" href=\"https:\/\/culturalcdm.eu\/wp-content\/uploads\/2024\/09\/300_CicleOrgue.pdf\">Descarregar programa<\/a><\/div>\n<\/div>\n<\/div>\n<\/div>\n\n<figure class=\"wp-block-gallery has-nested-images columns-default is-cropped wp-block-gallery-1 is-layout-flex wp-block-gallery-is-layout-flex\">\n<figure class=\"wp-block-image aligncenter size-large\"><img loading=\"lazy\" decoding=\"async\" width=\"1024\" height=\"512\" data-id=\"2155\" src=\"https:\/\/culturalcdm.eu\/wp-content\/uploads\/2024\/06\/FESTIVAL-CULTURAL-3-1024x512.jpg\" alt=\"\" class=\"wp-image-2155\" title=\"\" srcset=\"https:\/\/culturalcdm.eu\/wp-content\/uploads\/2024\/06\/FESTIVAL-CULTURAL-3-1024x512.jpg 1024w, https:\/\/culturalcdm.eu\/wp-content\/uploads\/2024\/06\/FESTIVAL-CULTURAL-3-300x150.jpg 300w, https:\/\/culturalcdm.eu\/wp-content\/uploads\/2024\/06\/FESTIVAL-CULTURAL-3-1536x768.jpg 1536w, https:\/\/culturalcdm.eu\/wp-content\/uploads\/2024\/06\/FESTIVAL-CULTURAL-3-2048x1024.jpg 2048w\" sizes=\"auto, (max-width: 1024px) 100vw, 1024px\" \/><\/figure>\n<\/figure>\n\n<div style=\"height:54px\" aria-hidden=\"true\" class=\"wp-block-spacer\"><\/div>\n","protected":false},"excerpt":{"rendered":"<p>Del 3 al 6 d&#8217;octubre de 2024 Constru\u00eft per Francisco Turull, entre 1717, any de l&#8217;enc\u00e0rrec, i 1724, any de lliurament. El 1964, l\u2019organer Gabriel Blancafort va trobar al fons del secret major la inscripci\u00f3 Franciscus Turull me fecit, anno 1719. L\u2019orgue est\u00e0 situat junt al cor, entre les dues primeres columnes de la nau&#8230;<\/p>\n","protected":false},"author":2,"featured_media":0,"parent":0,"menu_order":0,"comment_status":"closed","ping_status":"closed","template":"","meta":{"_kad_post_transparent":"","_kad_post_title":"","_kad_post_layout":"","_kad_post_sidebar_id":"","_kad_post_content_style":"","_kad_post_vertical_padding":"","_kad_post_feature":"","_kad_post_feature_position":"","_kad_post_header":false,"_kad_post_footer":false,"_kad_post_classname":"","footnotes":""},"class_list":["post-2306","page","type-page","status-publish","hentry"],"_links":{"self":[{"href":"https:\/\/culturalcdm.eu\/ca\/wp-json\/wp\/v2\/pages\/2306","targetHints":{"allow":["GET"]}}],"collection":[{"href":"https:\/\/culturalcdm.eu\/ca\/wp-json\/wp\/v2\/pages"}],"about":[{"href":"https:\/\/culturalcdm.eu\/ca\/wp-json\/wp\/v2\/types\/page"}],"author":[{"embeddable":true,"href":"https:\/\/culturalcdm.eu\/ca\/wp-json\/wp\/v2\/users\/2"}],"replies":[{"embeddable":true,"href":"https:\/\/culturalcdm.eu\/ca\/wp-json\/wp\/v2\/comments?post=2306"}],"version-history":[{"count":3,"href":"https:\/\/culturalcdm.eu\/ca\/wp-json\/wp\/v2\/pages\/2306\/revisions"}],"predecessor-version":[{"id":2396,"href":"https:\/\/culturalcdm.eu\/ca\/wp-json\/wp\/v2\/pages\/2306\/revisions\/2396"}],"wp:attachment":[{"href":"https:\/\/culturalcdm.eu\/ca\/wp-json\/wp\/v2\/media?parent=2306"}],"curies":[{"name":"wp","href":"https:\/\/api.w.org\/{rel}","templated":true}]}}