{"id":994,"date":"2023-12-19T18:54:04","date_gmt":"2023-12-19T17:54:04","guid":{"rendered":"https:\/\/culturalcdm.eu\/avis-legal\/"},"modified":"2023-12-20T12:56:26","modified_gmt":"2023-12-20T11:56:26","slug":"avis-legal","status":"publish","type":"page","link":"https:\/\/culturalcdm.eu\/ca\/avis-legal\/","title":{"rendered":"Av\u00eds Legal"},"content":{"rendered":"\n<p>Aquest lloc web i tots els seus continguts, incloent-hi els textos, imatges, \u00e0udio i qualssevol altres materials, s\u00f3n propietat de Licanus o de tercers que hagin autoritzat l&#8217;\u00fas d&#8217;aquests continguts. Tots els drets estan reservats.<\/p>\n\n<p>Tot acc\u00e9s a aquest lloc web queda subjecte a les seg\u00fcents condicions: Nom\u00e9s est\u00e0 autoritzat l&#8217;\u00fas personal no comercial. No s&#8217;autoritza la c\u00f2pia, reproducci\u00f3, transmissi\u00f3, distribuci\u00f3 o modificaci\u00f3 del lloc o els seus continguts.<\/p>\n\n<p>Licanus no garanteix l&#8217;exactitud, veracitat o integritat dels continguts d&#8217;aquest lloc web. En visitar aquest lloc web, el seu navegador pot emmagatzemar informaci\u00f3 t\u00e8cnica en el seu ordinador: l&#8217;\u00fas de cookies no proporciona cap informaci\u00f3 personal, ni informaci\u00f3 sobre el seu ordinador, nom\u00e9s estan destinades a ajudar-lo a estalviar temps quan torne a visitar-nos i a ajudar-nos en la millora del disseny del nostre lloc web.<\/p>\n\n<p>Qualsevol dada que els visitants d&#8217;aquest lloc web envien ser\u00e0 incl\u00f2s en la seua base de dades, d&#8217;acord amb la Llei Espanyola 15\/1999 de 13 de desembre. Els visitants poden en qualsevol moment accedir a les seues dades, modificar-los o cancel\u00b7lar-los, enviant un correu electr\u00f2nic a produccion@licanus.net<\/p>\n","protected":false},"excerpt":{"rendered":"<p>Aquest lloc web i tots els seus continguts, incloent-hi els textos, imatges, \u00e0udio i qualssevol altres materials, s\u00f3n propietat de Licanus o de tercers que hagin autoritzat l&#8217;\u00fas d&#8217;aquests continguts. Tots els drets estan reservats. Tot acc\u00e9s a aquest lloc web queda subjecte a les seg\u00fcents condicions: Nom\u00e9s est\u00e0 autoritzat l&#8217;\u00fas personal no comercial. No&#8230;<\/p>\n","protected":false},"author":1,"featured_media":0,"parent":0,"menu_order":0,"comment_status":"closed","ping_status":"closed","template":"","meta":{"_kad_post_transparent":"","_kad_post_title":"","_kad_post_layout":"","_kad_post_sidebar_id":"","_kad_post_content_style":"","_kad_post_vertical_padding":"","_kad_post_feature":"","_kad_post_feature_position":"","_kad_post_header":false,"_kad_post_footer":false,"_kad_post_classname":"","footnotes":""},"class_list":["post-994","page","type-page","status-publish","hentry"],"_links":{"self":[{"href":"https:\/\/culturalcdm.eu\/ca\/wp-json\/wp\/v2\/pages\/994","targetHints":{"allow":["GET"]}}],"collection":[{"href":"https:\/\/culturalcdm.eu\/ca\/wp-json\/wp\/v2\/pages"}],"about":[{"href":"https:\/\/culturalcdm.eu\/ca\/wp-json\/wp\/v2\/types\/page"}],"author":[{"embeddable":true,"href":"https:\/\/culturalcdm.eu\/ca\/wp-json\/wp\/v2\/users\/1"}],"replies":[{"embeddable":true,"href":"https:\/\/culturalcdm.eu\/ca\/wp-json\/wp\/v2\/comments?post=994"}],"version-history":[{"count":1,"href":"https:\/\/culturalcdm.eu\/ca\/wp-json\/wp\/v2\/pages\/994\/revisions"}],"predecessor-version":[{"id":995,"href":"https:\/\/culturalcdm.eu\/ca\/wp-json\/wp\/v2\/pages\/994\/revisions\/995"}],"wp:attachment":[{"href":"https:\/\/culturalcdm.eu\/ca\/wp-json\/wp\/v2\/media?parent=994"}],"curies":[{"name":"wp","href":"https:\/\/api.w.org\/{rel}","templated":true}]}}