{"id":1094,"date":"2022-12-26T09:31:32","date_gmt":"2022-12-26T08:31:32","guid":{"rendered":"https:\/\/culturalcdm.eu\/the-foundation\/board-of-trustees-and-councils\/"},"modified":"2024-07-15T09:59:08","modified_gmt":"2024-07-15T07:59:08","slug":"board-of-trustees-and-councils","status":"publish","type":"page","link":"https:\/\/culturalcdm.eu\/en\/the-foundation\/board-of-trustees-and-councils\/","title":{"rendered":"Board of Trustees and councils"},"content":{"rendered":"<figure class=\"wp-block-post-featured-image\"><img loading=\"lazy\" decoding=\"async\" width=\"1200\" height=\"675\" src=\"https:\/\/culturalcdm.eu\/wp-content\/uploads\/2023\/11\/patronato-consejos-fundacion.jpg\" class=\"attachment-post-thumbnail size-post-thumbnail wp-post-image\" alt=\"\" style=\"object-fit:cover;\" srcset=\"https:\/\/culturalcdm.eu\/wp-content\/uploads\/2023\/11\/patronato-consejos-fundacion.jpg 1200w, https:\/\/culturalcdm.eu\/wp-content\/uploads\/2023\/11\/patronato-consejos-fundacion-300x169.jpg 300w, https:\/\/culturalcdm.eu\/wp-content\/uploads\/2023\/11\/patronato-consejos-fundacion-1024x576.jpg 1024w, https:\/\/culturalcdm.eu\/wp-content\/uploads\/2023\/11\/patronato-consejos-fundacion-768x432.jpg 768w\" sizes=\"auto, (max-width: 1200px) 100vw, 1200px\" title=\"\"><\/figure>\n<div class=\"wp-block-columns is-layout-flex wp-container-core-columns-is-layout-9d6595d7 wp-block-columns-is-layout-flex\">\n<div class=\"wp-block-column is-layout-flow wp-block-column-is-layout-flow\">\n<h1 class=\"wp-block-heading has-text-align-center\">BOARD OF TRUSTEES<\/h1>\n\n\n\n<h4 class=\"wp-block-heading has-text-align-center\" style=\"font-style:normal;font-weight:400\">President<br\/><strong>Carles Magraner<\/strong><\/h4>\n\n\n\n<p><\/p>\n\n\n\n<h4 class=\"wp-block-heading has-text-align-center\" style=\"font-style:normal;font-weight:400\">Vice President<br\/><strong>Francisco Jos\u00e9 Magraner<\/strong><\/h4>\n\n\n\n<p><\/p>\n\n\n\n<h4 class=\"wp-block-heading has-text-align-center\" style=\"font-style:normal;font-weight:400\">Members<br\/><strong>Ximo Corts<br\/>Antonio Enrique Magraner Duart<br\/>Mariano Moret<br\/>Francisco de Paula Pons<br\/>Mar\u00eda Teresa Estreder Mart\u00ednez<\/strong><br\/> <\/h4>\n\n\n\n<p><\/p>\n\n\n\n<h2 class=\"wp-block-heading has-text-align-center\">EXECUTIVE COUNCIL<\/h2>\n\n\n\n<h4 class=\"wp-block-heading has-text-align-center\" style=\"font-style:normal;font-weight:400\">Managing Director<br\/><strong>Kiko Silla<\/strong><\/h4>\n\n\n\n<h4 class=\"wp-block-heading has-text-align-center\" style=\"font-style:normal;font-weight:400\">Foundation Secretary<br\/><strong>Ximo Corts<\/strong><\/h4>\n\n\n\n<p><\/p>\n\n\n\n<h2 class=\"wp-block-heading has-text-align-center\">ADVISORY BOARD<\/h2>\n\n\n\n<h3 class=\"wp-block-heading has-text-align-center\">HONORARY COMMITTEE<\/h3>\n\n\n\n<p><\/p>\n\n\n\n<h3 class=\"wp-block-heading has-text-align-center\">Rafael Alemany<\/h3>\n\n\n\n<p class=\"has-text-align-center\"><em>Professor of Medieval Literature<br\/>at the University of Alicante<\/em><\/p>\n\n\n\n<h3 class=\"wp-block-heading has-text-align-center\">Antoni Furi\u00f3<\/h3>\n\n\n\n<p class=\"has-text-align-center\"><em>Professor of Medieval History<br\/>at the University of Valencia<\/em><\/p>\n\n\n\n<h3 class=\"wp-block-heading has-text-align-center\">Francisco Gimeno<\/h3>\n\n\n\n<p class=\"has-text-align-center\"><em>Professor of Historical <\/em><br\/><em>Sciences and Techniques <\/em><br\/><em>(Paleography and Diplomatics)<br\/>at the University of Valencia<\/em><\/p>\n\n\n\n<h3 class=\"wp-block-heading has-text-align-center\">Mari Carmen G\u00f3mez Muntan\u00e9<\/h3>\n\n\n\n<p class=\"has-text-align-center\"><em>Professor of Musicology at<br\/>Universidad Aut\u00f3noma de Barcelona<\/em><\/p>\n\n\n\n<h3 class=\"wp-block-heading has-text-align-center\">Josep Francesc Massip<\/h3>\n\n\n\n<p class=\"has-text-align-center\"><em>Professor of Medieval Theater History<br\/>at the Rovira i Virgili University<\/em><\/p>\n\n\n\n<h3 class=\"wp-block-heading has-text-align-center\">Eduard Mira<\/h3>\n\n\n\n<p class=\"has-text-align-center\"><em>Professor at University of Alicante, <br\/>Cambridge University and London University <\/em><br\/><em>and College of Europe (Brugge). <br\/> He has directed the Institutes<br\/>Cervantes of Naples and Brussels.<br\/>He has been a member of the<br\/>College of Experts in Cultural Heritage<br\/>of the Council of Europe<\/em><\/p>\n\n\n\n<h3 class=\"wp-block-heading has-text-align-center\">\u00c1lvaro Zald\u00edvar<\/h3>\n\n\n\n<p class=\"has-text-align-center\"><em>Full Professor of Aesthetics<br\/>and History of Music at the<br\/>Superior Conservatory of Murcia.<br\/>Director of the Department of<br\/>Musicology and Artistic Research<br\/>Artistic<\/em><\/p>\n<\/div>\n\n\n\n<div class=\"wp-block-column is-layout-flow wp-block-column-is-layout-flow\">\n<h2 class=\"wp-block-heading has-text-align-center\"><strong><em>ADVISORY, SCIENTIFIC, AND ACADEMIC COMMITTEE<\/em><\/strong><\/h2>\n\n\n\n<h3 class=\"wp-block-heading has-text-align-center\">David Antich<\/h3>\n\n\n\n<p class=\"has-text-align-center\"><em>Musician. Professor at the Torrent Conservatory<\/em><\/p>\n\n\n\n<h3 class=\"wp-block-heading has-text-align-center\">Frederic Aparisi<\/h3>\n\n\n\n<p class=\"has-text-align-center\"><em>Harca Group<br\/>Cardenal Herrera University<\/em><\/p>\n\n\n\n<h3 class=\"wp-block-heading has-text-align-center\">Antonio Ari\u00f1o<\/h3>\n\n\n\n<p class=\"has-text-align-center\"><em>Professor of Sociology<br\/>Faculty of Social Sciences<br\/>at the University of Valencia<\/em><\/p>\n\n\n\n<h3 class=\"wp-block-heading has-text-align-center\">Eduardo Carrero<\/h3>\n\n\n\n<p class=\"has-text-align-center\"><em>Titular Professor of Medieval<br\/>Art History at the Autonomous<br\/>University of Barcelona<\/em><\/p>\n\n\n\n<h3 class=\"wp-block-heading has-text-align-center\">Evarist Caselles<\/h3>\n\n\n\n<p class=\"has-text-align-center\"><em>Graduate in History<\/em><\/p>\n\n\n\n<h3 class=\"wp-block-heading has-text-align-center\"> Pau Ballester<\/h3>\n\n\n\n<p class=\"has-text-align-center\"><em>Musician. Professor of Percussion<br\/>Valencia Superior Conservatory<\/em><\/p>\n\n\n\n<h3 class=\"wp-block-heading has-text-align-center\">Rafael Beltr\u00e1n<\/h3>\n\n\n\n<p class=\"has-text-align-center\"><em>Professor of Spanish Literature<br\/>at the University of Valencia<\/em><br\/><\/p>\n\n\n\n<h3 class=\"wp-block-heading has-text-align-center\">Robert Cases<\/h3>\n\n\n\n<p class=\"has-text-align-center\"><em>Musician. Coordinator of the M\u00fasics per la Salut project.<\/em><\/p>\n\n\n\n<h3 class=\"wp-block-heading has-text-align-center\">Manuela Cort\u00e9s<\/h3>\n\n\n\n<p class=\"has-text-align-center\"><em>Titular Professor at the Granada University,<br\/>Faculty of Philosophy and Letters<br\/>Member of the Academy of Andalusian History<br\/>at the Network of Researchers and Experts in Heritage<\/em><\/p>\n\n\n\n<h3 class=\"wp-block-heading has-text-align-center\">Vicent Josep Escart\u00ed<\/h3>\n\n\n\n<p class=\"has-text-align-center\"><em>Professor in the Department<br\/>of Catalan Philology at the University of Valencia<\/em><\/p>\n\n\n\n<h3 class=\"wp-block-heading has-text-align-center\">Antonio Ezquerro<\/h3>\n\n\n\n<p class=\"has-text-align-center\"><em>Scientific Researcher at CSIC<br\/>President of RISM-Spain (R\u00e9pertoire<br\/>International des Sources Musicales).<br\/>Director of the Musical Yearbook<br\/>(CSIC Musicology Journal)<br\/>Consolidated Research Group &#8211;<br\/>Music and Heritage in the Crown of Aragon<br\/>(16th-19th centuries)<\/em><\/p>\n\n\n\n<h3 class=\"wp-block-heading has-text-align-center\">Antonio Andr\u00e9s Ferrandis<\/h3>\n\n\n\n<p class=\"has-text-align-center\"><em>Organist and Delegate of<br\/>Pastoral Services at the Cathedral of Valencia<\/em><\/p>\n\n\n\n<h3 class=\"wp-block-heading has-text-align-center\">Mar\u00eda Teresa Ferrer<\/h3>\n\n\n\n<p class=\"has-text-align-center\"><em>Co-director and coordinator of the Master&#8217;s<br\/>Degree in Interpretation and<br\/>Musical Research at VIU<\/em><\/p>\n\n\n\n<h3 class=\"wp-block-heading has-text-align-center\">Domingo Garc\u00eda Ca\u00f1edo<\/h3>\n\n\n\n<p class=\"has-text-align-center\"><em>Director of the Cervantes Institute in Lyon<\/em><\/p>\n\n\n\n<h3 class=\"wp-block-heading has-text-align-center\">Juan Vicente Garc\u00eda-Marsilla<\/h3>\n\n\n\n<p class=\"has-text-align-center\"><em>Associate Professor of Medieval Art<br\/>History at the University of Valencia<\/em><\/p>\n\n\n\n<h3 class=\"wp-block-heading has-text-align-center\">Rosa Isusi<\/h3>\n\n\n\n<p class=\"has-text-align-center\"><em>Professor of Didactics of<br\/>Musical, Plastic, and Corporal Expression<br\/>at the University of Valencia<\/em><\/p>\n\n\n\n<h3 class=\"wp-block-heading has-text-align-center\">Ignasi Jord\u00e0<\/h3>\n\n\n\n<p class=\"has-text-align-center\"><em>Musician. Professor at the Superior<br\/>Conservatory of Castell\u00f3n<\/em><\/p>\n\n\n\n<h3 class=\"wp-block-heading has-text-align-center\">Emilio Mencheta<\/h3>\n\n\n\n<p class=\"has-text-align-center\"><em>Actor. Head of Productions The Playroom<\/em><\/p>\n\n\n\n<h3 class=\"wp-block-heading has-text-align-center\">V\u00edctor Manuel M\u00ednguez Cornelles<\/h3>\n\n\n\n<p class=\"has-text-align-center\"><em>Professor of Art History in the Department of <\/em><br\/><em>History, Geography, and Art at Jaume I University.<br\/>Principal Investigator of the Iconography<br\/>and Art History (IHA) research group<\/em><\/p>\n\n\n\n<h3 class=\"wp-block-heading has-text-align-center\">Germ\u00e1n Navarro Espinach<\/h3>\n\n\n\n<p class=\"has-text-align-center\"><em>Catedr\u00e1tico de Historia Medieval en la<br\/>Universidad de Zaragoza.\u00a0<\/em><br\/><em>Director de la revista Arag\u00f3n en la Edad Media<\/em><br\/><em>Grupo de Investigaci\u00f3n Consolidado\u00a0CEMA<\/em><\/p>\n\n\n\n<h3 class=\"wp-block-heading has-text-align-center\">Antoni Piz\u00e0<\/h3>\n\n\n\n<p class=\"has-text-align-center\"><em>Director of the Fundaci\u00f3 per a la M\u00fasica Ib\u00e8rica<br\/>Member of the Doctoral Faculty<br\/>in Music at the University<br\/>of New York (CUNY)<\/em><\/p>\n\n\n\n<h3 class=\"wp-block-heading has-text-align-center\">Paco Taberner Pastor<\/h3>\n\n\n\n<p class=\"has-text-align-center\"><em>Profesor del Departamento<br\/>de Urbanismo\u00a0de la Universidad<br\/>Polit\u00e9cnica de Val\u00e8ncia.<\/em><br\/>\u00a0Miembro numerario de la Secci\u00f3n de Arquitectura <br\/>de la Real Academia de Bellas Artes <br\/>de San Carlos de Valencia.<\/p>\n\n\n\n<h3 class=\"wp-block-heading has-text-align-center\">Abel Puig<\/h3>\n\n\n\n<p class=\"has-text-align-center\"><em>President of the Valencian Association<br\/>of Musicology (AVAMUS)<\/em><\/p>\n\n\n\n<h3 class=\"wp-block-heading has-text-align-center\">Jordi Reig<\/h3>\n\n\n\n<p class=\"has-text-align-center\">Professor at the Superior Conservatory of Valencia.<br\/>Coordinator of the Sound Archive of traditional Valencian music,<br\/>Fonoteca de Materials<\/p>\n\n\n\n<h3 class=\"wp-block-heading has-text-align-center\">Luisa Tolosa<\/h3>\n\n\n\n<p class=\"has-text-align-center\"><em>Professor of Audiovisual Communication,<br\/>Documentation, and Art History at UPV<\/em><\/p>\n\n\n\n<h3 class=\"wp-block-heading has-text-align-center\">Manuel Tom\u00e1s<\/h3>\n\n\n\n<p class=\"has-text-align-center\"><em>Musician. Professor at the Torrent Conservatory<\/em><\/p>\n\n\n\n<h3 class=\"wp-block-heading has-text-align-center\">Francesc Villanueva<\/h3>\n\n\n\n<p class=\"has-text-align-center\"><em>Researcher. University of Valencia<\/em><\/p>\n<\/div>\n<\/div>\n","protected":false},"excerpt":{"rendered":"<p>BOARD OF TRUSTEES PresidentCarles Magraner Vice PresidentFrancisco Jos\u00e9 Magraner MembersXimo CortsAntonio Enrique Magraner DuartMariano MoretFrancisco de Paula PonsMar\u00eda Teresa Estreder Mart\u00ednez EXECUTIVE COUNCIL Managing DirectorKiko Silla Foundation SecretaryXimo Corts ADVISORY BOARD HONORARY COMMITTEE Rafael Alemany Professor of Medieval Literatureat the University of Alicante Antoni Furi\u00f3 Professor of Medieval Historyat the University of Valencia Francisco Gimeno&#8230;<\/p>\n","protected":false},"author":2,"featured_media":881,"parent":1037,"menu_order":16,"comment_status":"closed","ping_status":"closed","template":"","meta":{"_kad_post_transparent":"","_kad_post_title":"","_kad_post_layout":"","_kad_post_sidebar_id":"","_kad_post_content_style":"","_kad_post_vertical_padding":"","_kad_post_feature":"","_kad_post_feature_position":"","_kad_post_header":false,"_kad_post_footer":false,"_kad_post_classname":"","footnotes":""},"class_list":["post-1094","page","type-page","status-publish","has-post-thumbnail","hentry"],"_links":{"self":[{"href":"https:\/\/culturalcdm.eu\/en\/wp-json\/wp\/v2\/pages\/1094","targetHints":{"allow":["GET"]}}],"collection":[{"href":"https:\/\/culturalcdm.eu\/en\/wp-json\/wp\/v2\/pages"}],"about":[{"href":"https:\/\/culturalcdm.eu\/en\/wp-json\/wp\/v2\/types\/page"}],"author":[{"embeddable":true,"href":"https:\/\/culturalcdm.eu\/en\/wp-json\/wp\/v2\/users\/2"}],"replies":[{"embeddable":true,"href":"https:\/\/culturalcdm.eu\/en\/wp-json\/wp\/v2\/comments?post=1094"}],"version-history":[{"count":5,"href":"https:\/\/culturalcdm.eu\/en\/wp-json\/wp\/v2\/pages\/1094\/revisions"}],"predecessor-version":[{"id":2259,"href":"https:\/\/culturalcdm.eu\/en\/wp-json\/wp\/v2\/pages\/1094\/revisions\/2259"}],"up":[{"embeddable":true,"href":"https:\/\/culturalcdm.eu\/en\/wp-json\/wp\/v2\/pages\/1037"}],"wp:featuredmedia":[{"embeddable":true,"href":"https:\/\/culturalcdm.eu\/en\/wp-json\/wp\/v2\/media\/881"}],"wp:attachment":[{"href":"https:\/\/culturalcdm.eu\/en\/wp-json\/wp\/v2\/media?parent=1094"}],"curies":[{"name":"wp","href":"https:\/\/api.w.org\/{rel}","templated":true}]}}